{"id":5361,"date":"2023-05-02T22:59:01","date_gmt":"2023-05-02T20:59:01","guid":{"rendered":"https:\/\/yokana.shop\/?post_type=product&#038;p=5361"},"modified":"2025-11-26T19:23:05","modified_gmt":"2025-11-26T18:23:05","slug":"burst-of-love-espadrilles-black-and-white-nappa-leather","status":"publish","type":"product","link":"https:\/\/yokana.shop\/sr\/shop\/shoes\/womens-shoes\/burst-of-love-ballet-flats\/burst-of-love-espadrilles-black-and-white-nappa-leather\/","title":{"rendered":"Burst of Love Espadrilles &#8211; Black and white nappa leather"},"content":{"rendered":"<h5>Prepustite se stilu i udobnosti uz YOKANA baletanke Burst of Love<\/h5>\n<h6>Unapredite svoju obu\u0107u uz YOKANA baletanke<\/h6>\n<p>Tra\u017eite udoban, ali \u0161ik par baletanki? Ne tra\u017eite dalje od YOKANA brenda. \nIzra\u0111ene od visokokvalitetnih materijala i s pa\u017enjom posve\u0107enom detaljima, ove baletanke predstavljaju savr\u0161enu kombinaciju udobnosti i stila.<\/p>\n<h6>Najfinija italijanska ko\u017ea<\/h6>\n<p>YOKANA baletanke izra\u0111ene su od najfinije italijanske napa ko\u017ee, obezbe\u0111uju\u0107i trajnost i udobnost. Ose\u0107a\u0107ete se kao da hodate na oblacima svaki put kad ih obujete.<\/p>\n<h6>Jedinstven dizajn sa najsla\u0111e izrezanom aplikacijom srca<\/h6>\n<p>Ove baletanke ne samo da su udobne, ve\u0107 su i stilizovane. Izrezana aplikacija srca dodaje jedinstven dodir ovom dizajnu, \u010dine\u0107i ih istaknutim me\u0111u drugim baletankama na tr\u017ei\u0161tu. Sa tri kombinacije boja za izbor, sigurno \u0107ete prona\u0107i par koji odgovara va\u0161em li\u010dnom stilu.<\/p>\n<h6>Ru\u010dno izra\u0111ene s pa\u017enjom<\/h6>\n<p>Svaki par YOKANA baletanki je ru\u010dno izra\u0111en sa pa\u017enjom, od strane ve\u0161tih zanatlija, \u0161to obezbe\u0111uje njihovu unikatnost i vrednost. Napomena: zbog ru\u010dne izrade, proces proizvodnje traje 7-10 dana. Ali, verujte da vredi \u010dekati!<\/p>\n<h6>Univerzalne za svaku priliku<\/h6>\n<p>Bilo da se obla\u010dite za poseban doga\u0111aj ili obavljate obaveze po gradu, YOKANA baletanke su dovoljno udobne a unikatne da odgovaraju svakoj prilici. Zbog toga sto su ru\u010dno izra\u0111ene, svaki par je jedinstven, dodaju\u0107i poseban pe\u010dat va\u0161oj kolekciji obu\u0107e.<\/p>\n<h6>Do\u017eivite jedinstvenost i vrednost ru\u010dno izra\u0111ene obu\u0107e<\/h6>\n<p>Izaberite ru\u010dno izra\u0111ene cipele ove sezone i unapredite svoju obu\u0107u udobno\u0161\u0107u i stilom. Poru\u010dite svoj par YOKANA baletanki danas i do\u017eivite kvalitet i zanatsku ve\u0161tinu sami.<\/p>\n<p>&nbsp;<\/p>","protected":false},"excerpt":{"rendered":"<p>Baletanke \"Burst of Love\" izra\u0111ene su od najkvalitetnije italijanske nappa ko\u017ee. Dolaze u tri kombinacije boja, pri \u010demu jedna prelazi preko druge i stvara energi\u010dan i uzbudljiv efekat sa najsla\u0111e izrezanom aplikacijom srca.<\/p>\n<p>Neka LJUBAV eksplodira! \u2764\ufe0f<\/p>","protected":false},"featured_media":4187,"template":"","meta":{"_acf_changed":false},"product_cat":[272,111],"product_tag":[276,289,265,266,267,264,292,290,151,263,291,277,118,119,269,117,293,262,294,260],"class_list":{"0":"post-5361","1":"product","2":"type-product","3":"status-publish","4":"has-post-thumbnail","6":"product_cat-burst-of-love-ballet-flats","7":"product_cat-womens-shoes","8":"product_tag-ballet-flats","9":"product_tag-burst-of-love","10":"product_tag-casual","11":"product_tag-chic","12":"product_tag-classic-design","13":"product_tag-comfortable","14":"product_tag-comfortable-flats","15":"product_tag-cut-out-heart-applique","16":"product_tag-espadrilles","17":"product_tag-fashion","18":"product_tag-handmade-shoes","19":"product_tag-leather","20":"product_tag-nappa-leather","21":"product_tag-natural-jute","22":"product_tag-natural-jute-sole","23":"product_tag-shoes","24":"product_tag-stylish-footwear","25":"product_tag-summer","26":"product_tag-unique-design","27":"product_tag-yokana","28":"pa_shoes-brand-yokana","30":"first","31":"instock","32":"shipping-taxable","33":"purchasable","34":"product-type-variable","swatches":"rey-swatches","show_selected":""},"aioseo_notices":[],"acf":[],"jetpack_sharing_enabled":true,"_links":{"self":[{"href":"https:\/\/yokana.shop\/sr\/wp-json\/wp\/v2\/product\/5361","targetHints":{"allow":["GET"]}}],"collection":[{"href":"https:\/\/yokana.shop\/sr\/wp-json\/wp\/v2\/product"}],"about":[{"href":"https:\/\/yokana.shop\/sr\/wp-json\/wp\/v2\/types\/product"}],"wp:featuredmedia":[{"embeddable":true,"href":"https:\/\/yokana.shop\/sr\/wp-json\/wp\/v2\/media\/4187"}],"wp:attachment":[{"href":"https:\/\/yokana.shop\/sr\/wp-json\/wp\/v2\/media?parent=5361"}],"wp:term":[{"taxonomy":"product_cat","embeddable":true,"href":"https:\/\/yokana.shop\/sr\/wp-json\/wp\/v2\/product_cat?post=5361"},{"taxonomy":"product_tag","embeddable":true,"href":"https:\/\/yokana.shop\/sr\/wp-json\/wp\/v2\/product_tag?post=5361"}],"curies":[{"name":"wp","href":"https:\/\/api.w.org\/{rel}","templated":true}]}}