{"id":5334,"date":"2023-05-02T22:58:33","date_gmt":"2023-05-02T20:58:33","guid":{"rendered":"https:\/\/yokana.shop\/?post_type=product&#038;p=5334"},"modified":"2025-11-26T20:12:36","modified_gmt":"2025-11-26T19:12:36","slug":"mens-classic-loafers-espadrilles-navy-blue-suede-leather","status":"publish","type":"product","link":"https:\/\/yokana.shop\/sr\/shop\/shoes\/mens-shoes\/mens-classic-espadrilles\/mens-classic-loafers-espadrilles-navy-blue-suede-leather\/","title":{"rendered":"Men&#8217;s classic loafers espadrilles &#8211; Navy blue suede leather"},"content":{"rendered":"<h5>Unapredite svoj neformalni izgled uz ru\u010dno izra\u0111ene ko\u017ene espadrile za mu\u0161karce<\/h5>\n<h6>Unapredite svoj le\u017eerni stil sa ru\u010dno izra\u0111enim antilop espadrilama<\/h6>\n<p>Tra\u017eite stilski i udoban dodatak va\u0161oj kolekciji obu\u0107e? Ne tra\u017eite dalje od na\u0161ih ru\u010dno izra\u0111enih antilop espadrila za mu\u0161karce. Napravljene od najfinijih materijala i izra\u0111ene od strane ve\u0161tih zanatlija, ove espadrile su savr\u0161en na\u010din da podignete svoju le\u017eernu igru.<\/p>\n<h6>Premium kvalitet i stil sa ru\u010dno izra\u0111enom obu\u0107om<\/h6>\n<p>Vredno je napomenuti da se ove espadrile prave po narud\u017ebini, sa vremenom proizvodnje od 7-10 dana. Ali verujte nam, vredne su \u010dekanja. Sa svojom izradom od premijum antilop ko\u017ee i vremenski neizlaznim stilom, ove espadrile \u0107e postati neizostavan deo va\u0161eg ormara dugi niz godina.<\/p>\n<h6>Klasi\u010dni stil za svaku priliku<\/h6>\n<p>Izaberite na\u0161e klasi\u010dne antilop espadrile za univerzalni stil koji se savr\u0161eno sla\u017ee sa farmerkama ili \u0161orcem. Ove espadrile pru\u017eaju idealan balans udobnosti i sofisticiranosti, \u010dine\u0107i ih pogodnim za svaku priliku.<\/p>\n<h6>Naru\u010dite odmah i do\u017eivite ume\u0107e i kvalitet ru\u010dno izra\u0111ene obu\u0107e<\/h6>\n<p>Investirajte u par na\u0161ih antilop espadrila za mu\u0161karce danas i do\u017eivite razliku koju donose ru\u010dno izra\u0111ene cipele. Ne\u0107ete biti razo\u010darani udobno\u0161\u0107u, kvalitetom i stilom koje ove espadrile pru\u017eaju. Ne \u010dekajte vi\u0161e, naru\u010dite odmah i podignite svoj le\u017eerni stil na vi\u0161i nivo.<\/p>","protected":false},"excerpt":{"rendered":"<p>Unapredite svoj le\u017eerni stil sa na\u0161im ru\u010dno izra\u0111enim antilop espadrilama za mu\u0161karce. Napravljene od najfinijih materijala i izra\u0111ene od strane ve\u0161tih zanatlija, ove espadrile pru\u017eaju udobnost i stil za svaku priliku. Ru\u010dno izra\u0111ene sa pa\u017enjom i od premijum antilop ko\u017ee, na\u0161e espadrile predstavljaju vremenski neizlazan dodatak va\u0161em stilu.<\/p>\n<p>Vredno je napomenuti da se ove espadrile prave po narud\u017ebini, sa vremenom proizvodnje od 7-10 dana. Ali verujte nam, vredne su \u010dekanja. Sa svojom izradom od premijum antilop ko\u017ee i vremenski neizlaznim stilom, ove espadrile \u0107e postati neizostavan deo va\u0161e kolekcije obu\u0107e dugi niz godina.<\/p>\n<p>Naru\u010dite odmah i unapredite svoj le\u017eerni stil na vi\u0161i nivo.<\/p>","protected":false},"featured_media":4341,"template":"","meta":{"_acf_changed":false},"product_cat":[110,108],"product_tag":[151,118,119,117],"class_list":{"0":"post-5334","1":"product","2":"type-product","3":"status-publish","4":"has-post-thumbnail","6":"product_cat-mens-classic-espadrilles","7":"product_cat-mens-shoes","8":"product_tag-espadrilles","9":"product_tag-nappa-leather","10":"product_tag-natural-jute","11":"product_tag-shoes","12":"pa_shoes-brand-yokana","14":"first","15":"instock","16":"shipping-taxable","17":"purchasable","18":"product-type-variable","swatches":"rey-swatches","show_selected":""},"aioseo_notices":[],"acf":[],"jetpack_sharing_enabled":true,"_links":{"self":[{"href":"https:\/\/yokana.shop\/sr\/wp-json\/wp\/v2\/product\/5334","targetHints":{"allow":["GET"]}}],"collection":[{"href":"https:\/\/yokana.shop\/sr\/wp-json\/wp\/v2\/product"}],"about":[{"href":"https:\/\/yokana.shop\/sr\/wp-json\/wp\/v2\/types\/product"}],"wp:featuredmedia":[{"embeddable":true,"href":"https:\/\/yokana.shop\/sr\/wp-json\/wp\/v2\/media\/4341"}],"wp:attachment":[{"href":"https:\/\/yokana.shop\/sr\/wp-json\/wp\/v2\/media?parent=5334"}],"wp:term":[{"taxonomy":"product_cat","embeddable":true,"href":"https:\/\/yokana.shop\/sr\/wp-json\/wp\/v2\/product_cat?post=5334"},{"taxonomy":"product_tag","embeddable":true,"href":"https:\/\/yokana.shop\/sr\/wp-json\/wp\/v2\/product_tag?post=5334"}],"curies":[{"name":"wp","href":"https:\/\/api.w.org\/{rel}","templated":true}]}}