{"id":5277,"date":"2023-05-02T22:57:43","date_gmt":"2023-05-02T20:57:43","guid":{"rendered":"https:\/\/yokana.shop\/?post_type=product&#038;p=5277"},"modified":"2025-11-26T20:27:49","modified_gmt":"2025-11-26T19:27:49","slug":"mens-boat-shoe-espadrilles-navy-blue-suede-leather","status":"publish","type":"product","link":"https:\/\/yokana.shop\/sr\/shop\/shoes\/mens-shoes\/mens-boat-shoes\/mens-boat-shoe-espadrilles-navy-blue-suede-leather\/","title":{"rendered":"Men&#8217;s boat shoe espadrilles &#8211; Navy blue suede leather"},"content":{"rendered":"<h5>Iskusite stil i udobnost uz na\u0161e ru\u010dno izra\u0111ene antilop espadrile<\/h5>\n<h6>Za le\u017eeran i sofisticiran izgled<\/h6>\n<p>Tra\u017eite savr\u0161enu kombinaciju stila i udobnosti? Ne tra\u017eite dalje od na\u0161ih ru\u010dno izra\u0111enih brodarica za mu\u0161karce. Napravljeni sa pa\u017enjom od fine antilop ko\u017ee, ovi su savr\u0161eni za dodavanje da\u0161ka sofisticiranosti va\u0161em le\u017eernom izgledu. Sa njihovim vremenski neizlaznim dizajnom i premijum materijalima, brodarice \u0107e sigurno postati neizostavan deo va\u0161eg stila dugi niz godina.<\/p>\n<h6>Za nauti\u010dki i opu\u0161ten izgled<\/h6>\n<p>Bilo da plovite na otvorenom moru ili jednostavno volite nauti\u010dki izgled, na\u0161e ru\u010dno izra\u0111ene brodarice za mu\u0161karce su savr\u0161en dodatak va\u0161oj kolekciji obu\u0107e. Napravljeni od fine antilop ko\u017ee, ove cipele su i stilizovane i udobne. Sa njihovom stru\u010dnom izradom i pa\u017enjom prema detaljima, ove su savr\u0161en na\u010din da unapredite svoj le\u017eerni stil.<\/p>\n<h6>Personalizovane espadrile za jedinstven i li\u010dan dodir<\/h6>\n<p>Tra\u017eite stilizovane espadrile? Ne tra\u017eite dalje od na\u0161e personalizovane kolekcije! Pomo\u0107u na\u0161eg jednostavnog alata za personalizaciju, mo\u017eete izabrati izme\u0111u 23 razli\u010dite boje za 4 razli\u010dita dela cipele. Tako\u0111e, mo\u017eete personalizovati brodarice biranjem pamu\u010dnih ili jutanih pertli. Ne zadovoljavajte se dosadnom obu\u0107om - dizajnirajte svoj jedinstveni par danas! Kupujte sada i podignite svoj stil sa na\u0161im personalizovanim brodaricama.<\/p>\n<h6>Investirajte u kvalitetne ru\u010dno izra\u0111ene cipele danas<\/h6>\n<p>U na\u0161oj prodavnici, ponosimo se izradom visokokvalitetnih brodarica koje su i stilizovane i udobne. Sa na\u0161im ru\u010dno izra\u0111enim brodarica od antilop ko\u017ee za mu\u0161karce, mo\u017eete iskusiti razliku koju donosi stru\u010dna izrada i premijum materijali. A sa vremenom proizvodnje od 7-10 dana, \u010dekanje se isplati za par cipela koje \u0107e trajati godinama. Za\u0161to \u010dekati? Investirajte u kvalitetne ru\u010dno izra\u0111ene cipele danas i podignite svoju igru obu\u0107om.<\/p>","protected":false},"excerpt":{"rendered":"<p>Tra\u017eite savr\u0161en par cipela koji \u0107e podi\u0107i va\u0161 le\u017eerni izgled? Ne tra\u017eite dalje od na\u0161ih ru\u010dno izra\u0111enih brodarica za mu\u0161karce, napravljenih od najfinije antilop ko\u017ee. Sa vremenski neizlaznim stilom i stru\u010dnom izradom, ove brodarice pru\u017eaju udobnost i sofisticiranost za svaku priliku.<\/p>\n<p>Razumemo da \u010dekanje na va\u0161u narud\u017ebinu mo\u017ee biti te\u0161ko, ali verujte nam, vreme proizvodnje od 7-10 dana vredi \u010dekanja. Ove cipele pa\u017eljivo izra\u0111uju ve\u0161ti zanatlije koji se ponose svojim radom, osiguravaju\u0107i da dobijete samo najbolje.<\/p>\n<p>Tra\u017eite stilizovane brodarice? Pogledajte na\u0161u personalizovanu kolekciju! Izaberite izme\u0111u 23 razli\u010dite boje za 4 razli\u010dita dela cipele. Tako\u0111e, personalizujte va\u0161e brodarice biranjem pamu\u010dnih ili jutanih pertli. Ne zadovoljavajte se dosadnom obu\u0107om, dizajnirajte svoj jedinstveni par danas uz na\u0161 jednostavan alat za personalizaciju. Kupujte sada!<\/p>","protected":false},"featured_media":4320,"template":"","meta":{"_acf_changed":false},"product_cat":[109,108],"product_tag":[151,119,117,175],"class_list":{"0":"post-5277","1":"product","2":"type-product","3":"status-publish","4":"has-post-thumbnail","6":"product_cat-mens-boat-shoes","7":"product_cat-mens-shoes","8":"product_tag-espadrilles","9":"product_tag-natural-jute","10":"product_tag-shoes","11":"product_tag-suede-leather","12":"pa_shoes-brand-yokana","14":"first","15":"instock","16":"shipping-taxable","17":"purchasable","18":"product-type-variable","swatches":"rey-swatches","show_selected":""},"aioseo_notices":[],"acf":[],"jetpack_sharing_enabled":true,"_links":{"self":[{"href":"https:\/\/yokana.shop\/sr\/wp-json\/wp\/v2\/product\/5277","targetHints":{"allow":["GET"]}}],"collection":[{"href":"https:\/\/yokana.shop\/sr\/wp-json\/wp\/v2\/product"}],"about":[{"href":"https:\/\/yokana.shop\/sr\/wp-json\/wp\/v2\/types\/product"}],"wp:featuredmedia":[{"embeddable":true,"href":"https:\/\/yokana.shop\/sr\/wp-json\/wp\/v2\/media\/4320"}],"wp:attachment":[{"href":"https:\/\/yokana.shop\/sr\/wp-json\/wp\/v2\/media?parent=5277"}],"wp:term":[{"taxonomy":"product_cat","embeddable":true,"href":"https:\/\/yokana.shop\/sr\/wp-json\/wp\/v2\/product_cat?post=5277"},{"taxonomy":"product_tag","embeddable":true,"href":"https:\/\/yokana.shop\/sr\/wp-json\/wp\/v2\/product_tag?post=5277"}],"curies":[{"name":"wp","href":"https:\/\/api.w.org\/{rel}","templated":true}]}}