{"id":5216,"date":"2023-05-02T22:56:51","date_gmt":"2023-05-02T20:56:51","guid":{"rendered":"https:\/\/yokana.shop\/?post_type=product&#038;p=5216"},"modified":"2025-11-26T19:59:26","modified_gmt":"2025-11-26T18:59:26","slug":"womens-boat-shoe-espadrilles-basilico-suede-leather","status":"publish","type":"product","link":"https:\/\/yokana.shop\/sr\/shop\/shoes\/womens-shoes\/womens-boat-shoes\/womens-boat-shoe-espadrilles-basilico-suede-leather\/","title":{"rendered":"Women&#8217;s boat shoe espadrilles &#8211; Basilico suede leather"},"content":{"rendered":"<h5>Pa\u017eljivo ru\u010dno izra\u0111ene za dugotrajni stil i udobnost<\/h5>\n<h6>Unikatna izrada<\/h6>\n<p>U\u017eivajte u umetni\u010dkom izra\u0111ivanju i kvalitetu na\u0161ih brodarica, koje su ru\u010dno izra\u0111ene od premijum ko\u017ee i prirodne jute od strane ve\u0161tih zanatlija. Sa pa\u017eljivim posve\u0107ivanjem detaljima, nijedan par nije isti, \u0161to ih \u010dini zaista jedinstvenim dodatkom va\u0161oj kolekciji.<\/p>\n<h6>Udobnost i izdr\u017eljivost<\/h6>\n<p>Brodarice ne samo da izgledaju sjajno, ve\u0107 pru\u017eaju dugotrajnu udobnost i izdr\u017eljivost, idealne za bilo koju avanturu. Svaki par se pravi po narud\u017ebini, sa vremenom proizvodnje od 7-10 dana. Posve\u0107ujemo vreme kako bismo osigurali da svaki par zadovolji na\u0161e visoke standarde kvaliteta, tako da mo\u017eete u\u017eivati u cipelama koje vrede \u010dekanja.<\/p>\n<h6>Vremenski neizlazni stil<\/h6>\n<p>Investiraju\u0107i u Yokana brodarice od antilop ko\u017ee, do\u017eive\u0107ete razliku koju ru\u010dno izra\u0111eni kvalitet moze doneti. Ove cipele \u0107e sigurno postati dragoceni deo va\u0161eg ormara, pru\u017eajuci vremenski neizlazni stil i udobnost tokom godina.<\/p>\n<p>Naru\u010dite va\u0161e ru\u010dno izra\u0111ene brodarice i unapredite svoiu igru obu\u0107om sa stilom i udobno\u0161\u0107u koja traje.<\/p>","protected":false},"excerpt":{"rendered":"<p>Yokana brodarice su namenjene radoznaloj i divljoj du\u0161i, onoj koja \u017eeli da istra\u017ei skrivena mesta do kojih se dolazi samo brodom.\nBrodarice, ne samo da su stilski atraktivne, ve\u0107 njihova \u010dvrsta izrada i udobnost \u010dine savr\u0161eni izbor za svaku avanturu, bilo da \u0161etate gradom ili plovite na visokim morima.<\/p>","protected":false},"featured_media":4373,"template":"","meta":{"_acf_changed":false},"product_cat":[113,111],"product_tag":[151,119,117,175],"class_list":{"0":"post-5216","1":"product","2":"type-product","3":"status-publish","4":"has-post-thumbnail","6":"product_cat-womens-boat-shoes","7":"product_cat-womens-shoes","8":"product_tag-espadrilles","9":"product_tag-natural-jute","10":"product_tag-shoes","11":"product_tag-suede-leather","12":"pa_shoes-brand-yokana","14":"first","15":"instock","16":"shipping-taxable","17":"purchasable","18":"product-type-variable","swatches":"rey-swatches","show_selected":""},"aioseo_notices":[],"acf":[],"jetpack_sharing_enabled":true,"_links":{"self":[{"href":"https:\/\/yokana.shop\/sr\/wp-json\/wp\/v2\/product\/5216","targetHints":{"allow":["GET"]}}],"collection":[{"href":"https:\/\/yokana.shop\/sr\/wp-json\/wp\/v2\/product"}],"about":[{"href":"https:\/\/yokana.shop\/sr\/wp-json\/wp\/v2\/types\/product"}],"wp:featuredmedia":[{"embeddable":true,"href":"https:\/\/yokana.shop\/sr\/wp-json\/wp\/v2\/media\/4373"}],"wp:attachment":[{"href":"https:\/\/yokana.shop\/sr\/wp-json\/wp\/v2\/media?parent=5216"}],"wp:term":[{"taxonomy":"product_cat","embeddable":true,"href":"https:\/\/yokana.shop\/sr\/wp-json\/wp\/v2\/product_cat?post=5216"},{"taxonomy":"product_tag","embeddable":true,"href":"https:\/\/yokana.shop\/sr\/wp-json\/wp\/v2\/product_tag?post=5216"}],"curies":[{"name":"wp","href":"https:\/\/api.w.org\/{rel}","templated":true}]}}