{"id":5190,"date":"2023-05-02T22:56:23","date_gmt":"2023-05-02T20:56:23","guid":{"rendered":"https:\/\/yokana.shop\/?post_type=product&#038;p=5190"},"modified":"2025-11-26T19:42:08","modified_gmt":"2025-11-26T18:42:08","slug":"yokanas-flower-espadrilles-navy-blue-suede-leather-2","status":"publish","type":"product","link":"https:\/\/yokana.shop\/sr\/shop\/shoes\/womens-shoes\/flower\/yokanas-flower-espadrilles-navy-blue-suede-leather-2\/","title":{"rendered":"Yokana&#8217;s Flower espadrilles &#8211; Navy blue suede leather"},"content":{"rendered":"<h5>Poka\u017eite svoj stil uz Yokana cvetne espadrile<\/h5>\n<h6>Korak u stil uz na\u0161e Yokana cvetne espadrile<\/h6>\n<p>Izra\u0111ene od fine somotske ko\u017ee na prirodnom \u0111onu od jute, na\u0161e Yokana cvetne espadrile predstavljaju savr\u0161enu kombinaciju stila i udobnosti. Sa jedinstvenim bogatim cvetnim dizajnom na prednjem delu cipele, ove cipele \u0107e vas istaknuti iz mase. Visina \u0111ona od 3 cm osigurava stabilnost i podr\u0161ku, dok meka antilop ko\u017ea pru\u017ea ose\u0107aj luksuza.<\/p>\n<h6>Dodajte cvetni \u0161arm va\u0161oj obu\u0107i sa na\u0161im espadrilama<\/h6>\n<p>Na\u0161e espadrile sa bogatim cvetom izra\u0111ene su od meke antilop ko\u017ee na prirodnom \u0111onu od jute. Sa upadljivim cvetnim dizajnom na prednjem delu, ove espadrile \u0107e vas staviti u centar pa\u017enje.\nVisina \u0111ona od 3 cm obezbe\u0111uje udobnost i stabilnost, dok meka antilop ko\u017ea pru\u017ea ose\u0107aj luksuza. Savr\u0161ene za svaku priliku, ove espadrile \u0107e postati va\u0161e omiljene cipele ove sezone.<\/p>\n<h6>Zakora\u010dite u sezonu sa na\u0161im Yokana cvetnim espadrilama<\/h6>\n<p>Na\u0161e Yokana cvetne espadrile su savr\u0161en dodatak va\u0161oj kolekciji obu\u0107e ove sezone. Napravljene od meke antilop ko\u017ee na prirodnom \u0111onu od jute, ove cipele imaju delikatan cvetni dizajn na prednjem delu koji dodaje da\u0161ak \u017eenstvenosti svakoj odevnoj kombinaciji. Visina \u0111ona od 3 cm obezbe\u0111uje udobnost i stabilnost, dok meka antilop ko\u017ea pru\u017ea ose\u0107aj luksuza. Savr\u0161ene za svaku priliku, ove espadrile \u0107e postati neizostavni deo va\u0161eg ormara.<\/p>","protected":false},"excerpt":{"rendered":"<p>Iskusite neuporediv luksuz i ume\u0107e na\u0161ih Yokana cvetnih espadrila.<br \/>\nSvaki par je pa\u017eljivo ru\u010dno izra\u0111en od meke antilop ko\u017ee na prirodnom \u0111onu od jute, \u0161to zahteva 7-10 dana izrade. Na\u0161 jedinstveni dizajn oversized cveta na prednjem delu obu\u0107e \u010dini, ove espadrile zaista unikatnim. Visina \u0111ona od 3 cm obezbe\u0111uje maksimalnu udobnost i stabilnost, dok meka antilop ko\u017ea pru\u017ea ose\u0107aj luksuza. Dodajte dodir \u017eenstvenosti svakoj odevnoj kombinaciji uz delikatan cvetni dizajn na\u0161ih Yokana cvetnih espadrila.<br \/>\nNaru\u010dite odmah i iskusite lepotu i \u0161arm na\u0161ih ru\u010dno izra\u0111enih espadrila vrednih \u010dekanja.<\/p>","protected":false},"featured_media":4161,"template":"","meta":{"_acf_changed":false},"product_cat":[114,111],"product_tag":[151,177,119,117,175],"class_list":{"0":"post-5190","1":"product","2":"type-product","3":"status-publish","4":"has-post-thumbnail","6":"product_cat-flower","7":"product_cat-womens-shoes","8":"product_tag-espadrilles","9":"product_tag-flower","10":"product_tag-natural-jute","11":"product_tag-shoes","12":"product_tag-suede-leather","13":"pa_shoes-brand-yokana","15":"first","16":"instock","17":"shipping-taxable","18":"purchasable","19":"product-type-variable","swatches":"rey-swatches","show_selected":""},"aioseo_notices":[],"acf":[],"jetpack_sharing_enabled":true,"_links":{"self":[{"href":"https:\/\/yokana.shop\/sr\/wp-json\/wp\/v2\/product\/5190","targetHints":{"allow":["GET"]}}],"collection":[{"href":"https:\/\/yokana.shop\/sr\/wp-json\/wp\/v2\/product"}],"about":[{"href":"https:\/\/yokana.shop\/sr\/wp-json\/wp\/v2\/types\/product"}],"wp:featuredmedia":[{"embeddable":true,"href":"https:\/\/yokana.shop\/sr\/wp-json\/wp\/v2\/media\/4161"}],"wp:attachment":[{"href":"https:\/\/yokana.shop\/sr\/wp-json\/wp\/v2\/media?parent=5190"}],"wp:term":[{"taxonomy":"product_cat","embeddable":true,"href":"https:\/\/yokana.shop\/sr\/wp-json\/wp\/v2\/product_cat?post=5190"},{"taxonomy":"product_tag","embeddable":true,"href":"https:\/\/yokana.shop\/sr\/wp-json\/wp\/v2\/product_tag?post=5190"}],"curies":[{"name":"wp","href":"https:\/\/api.w.org\/{rel}","templated":true}]}}