{"id":5132,"date":"2023-05-02T22:55:29","date_gmt":"2023-05-02T20:55:29","guid":{"rendered":"https:\/\/yokana.shop\/?post_type=product&#038;p=5132"},"modified":"2025-11-26T19:16:51","modified_gmt":"2025-11-26T18:16:51","slug":"womans-classic-loafer-espadrilles-black-suede-leather","status":"publish","type":"product","link":"https:\/\/yokana.shop\/sr\/shop\/shoes\/womens-shoes\/womens-classic-espadrilles\/womans-classic-loafer-espadrilles-black-suede-leather\/","title":{"rendered":"Woman&#8217;s classic loafer espadrilles &#8211; Black suede leather"},"content":{"rendered":"<h5>Unapredite svoj letnji stil uz ru\u010dno izra\u0111ene espadrile brenda YOKANA<\/h5>\n<h6>Zaplovite u leto sa samopouzdanjem i stilom uz ru\u010dno izra\u0111ene espadrile YOKANA<\/h6>\n<p>YOKANA ru\u010dno izra\u0111ene espadrile spajaju udobnost i modu sa pa\u017enjom, koriste\u0107i meku antilop ko\u017eu i prirodnu jutu kako bi stvorile savr\u0161enu letnju obu\u0107u.<\/p>\n<h6>Univerzalne i savr\u0161ene za svaku priliku<\/h6>\n<p>Ove espadrile ne samo da su udobne, ve\u0107 su i univerzalne i pogodne za svaku priliku. Bez obzira da li idete na pla\u017eu, u kancelariju ili u grad, dovoljno su stilizovane da izrazite svoj stil gde god da krenete.<\/p>\n<h6><strong>Dodajte savr\u0161eni dodir svakoj kombinaciji<\/strong><\/h6>\n<p>Ove espadrile upotpunjuju svaku kombinaciju pravom dozom platforme (3 cm), pru\u017eaju\u0107i udobnost tokom celog dana. Njihov klasi\u010dni dizajn \u010dini ih savr\u0161enim modnim dodatkom za svaku kombinaciju, poma\u017eu\u0107i vam da se lako istaknete iz mase.<\/p>\n<h6>Kvalitet i pa\u017enja prema detaljima<\/h6>\n<p>Na\u0161e espadrile se isti\u010du zbog kvaliteta i pa\u017enje prema detaljima prilikom njihove izrade. Svaki par je ru\u010dno izra\u0111en s pa\u017enjom, obezbe\u0111uju\u0107i jedinstvenost i trajnost. Koristimo samo najkvalitetnije materijale, \u0161to za rezultat ima obu\u0107u koja je istovremeno izdr\u017eljiva i stilizovana.<\/p>\n<h6>Kupujte sada i zaplovite u leto sa samopouzdanjem i stilom<\/h6>\n<p>Tra\u017eite udoban, univerzalan, stilizovan i kvalitetan par cipela? Ne tra\u017eite dalje od YOKANA ru\u010dno izra\u0111enih espadrila. Dodajte ih u svoju korpu sada i nadogradite svoju kolekciju letnje obu\u0107e!<\/p>","protected":false},"excerpt":{"rendered":"<p>Yokana classic espadrile volimo da nosimo uvek i svuda, od pla\u017ee do svakodnevnih rutina i posla. Napravljene od prirodne antilop ko\u017ee, pru\u017eaju dobar ose\u0107aj udobnosti kojem se iznova vra\u0107a\u0161. \nNaru\u010dite sada i u\u017eivajte u ru\u010dnoj izradi u samo 7-10 dana!<\/p>","protected":false},"featured_media":4207,"template":"","meta":{"_acf_changed":false},"product_cat":[112,111],"product_tag":[365,265,266,267,264,359,368,366,360,151,263,355,261,119,269,363,364,117,358,347,268,175,362,262,356,369,353,361,367,357,354,260],"class_list":{"0":"post-5132","1":"product","2":"type-product","3":"status-publish","4":"has-post-thumbnail","6":"product_cat-womens-classic-espadrilles","7":"product_cat-womens-shoes","8":"product_tag-attention-to-detail","9":"product_tag-casual","10":"product_tag-chic","11":"product_tag-classic-design","12":"product_tag-comfortable","13":"product_tag-comfortable-all-day-long","14":"product_tag-confidence-and-comfort","15":"product_tag-durability-and-style","16":"product_tag-elevate-your-footwear-game","17":"product_tag-espadrilles","18":"product_tag-fashion","19":"product_tag-handcrafted-shoes","20":"product_tag-loafers","21":"product_tag-natural-jute","22":"product_tag-natural-jute-sole","23":"product_tag-perfect-accessory","24":"product_tag-quality-materials","25":"product_tag-shoes","26":"product_tag-soft-suede-and-natural-jute","27":"product_tag-stand-out-from-the-crowd","28":"product_tag-suede","29":"product_tag-suede-leather","30":"product_tag-suitable-for-any-occasion","31":"product_tag-summer","32":"product_tag-summer-footwear","33":"product_tag-summer-shoe-collection","34":"product_tag-unique-and-one-of-a-kind","35":"product_tag-unmatched-craftsmanship","36":"product_tag-upgrade-your-summer-style","37":"product_tag-versatile-and-stylish","38":"product_tag-womans-classic-loafers-espadrilles","39":"product_tag-yokana","40":"pa_shoes-brand-yokana","42":"first","43":"instock","44":"shipping-taxable","45":"purchasable","46":"product-type-variable","swatches":"rey-swatches","show_selected":""},"aioseo_notices":[],"acf":[],"jetpack_sharing_enabled":true,"_links":{"self":[{"href":"https:\/\/yokana.shop\/sr\/wp-json\/wp\/v2\/product\/5132","targetHints":{"allow":["GET"]}}],"collection":[{"href":"https:\/\/yokana.shop\/sr\/wp-json\/wp\/v2\/product"}],"about":[{"href":"https:\/\/yokana.shop\/sr\/wp-json\/wp\/v2\/types\/product"}],"wp:featuredmedia":[{"embeddable":true,"href":"https:\/\/yokana.shop\/sr\/wp-json\/wp\/v2\/media\/4207"}],"wp:attachment":[{"href":"https:\/\/yokana.shop\/sr\/wp-json\/wp\/v2\/media?parent=5132"}],"wp:term":[{"taxonomy":"product_cat","embeddable":true,"href":"https:\/\/yokana.shop\/sr\/wp-json\/wp\/v2\/product_cat?post=5132"},{"taxonomy":"product_tag","embeddable":true,"href":"https:\/\/yokana.shop\/sr\/wp-json\/wp\/v2\/product_tag?post=5132"}],"curies":[{"name":"wp","href":"https:\/\/api.w.org\/{rel}","templated":true}]}}