{"id":5120,"date":"2023-05-02T22:55:26","date_gmt":"2023-05-02T20:55:26","guid":{"rendered":"https:\/\/yokana.shop\/?post_type=product&#038;p=5120"},"modified":"2025-11-26T19:30:05","modified_gmt":"2025-11-26T18:30:05","slug":"espadrille-leather-sandals-black-nappa-leather","status":"publish","type":"product","link":"https:\/\/yokana.shop\/sr\/shop\/shoes\/womens-shoes\/sandals\/espadrille-leather-sandals-black-nappa-leather\/","title":{"rendered":"Espadrille leather sandals &#8211; Black Nappa leather"},"content":{"rendered":"<h5>Podignite nivo va\u0161e obu\u0107e ovog leta uz ru\u010dno izra\u0111enu udobnost i stil<\/h5>\n<h6>Iskusite udobnost i stil uz na\u0161e ru\u010dno izra\u0111ene cipele<\/h6>\n<p>\u017delite da unapredite svoju kolekciju obu\u0107e ovog leta? Ne tra\u017eite dalje od na\u0161ih ru\u010dno izra\u0111enih ko\u017enih sandala. Izra\u0111ene od visokokvalitetnih materijala i sa pa\u017enjom prema detaljima, ove cipele su savr\u0161ena kombinacija udobnosti i stila.<\/p>\n<h6>Izdr\u017eljive i udobne espadrile<\/h6>\n<p>Zakora\u010dite u leto uz na\u0161e ru\u010dno izra\u0111ene espadrile sandale. Svaki par je izra\u0111en od visokokvalitetne Nappa ko\u017ee na \u0111onu od prirodne jute, obezbe\u0111uju\u0107i i izdr\u017eljivost i udobnost. Ove cipele su idealne za sve letnje aktivnosti, od dana na pla\u017ei do \u0161etnji gradom.<\/p>\n<h6>Univerzalne i stilizovane Yokana sandale<\/h6>\n<p>Tra\u017eite obu\u0107u koja \u0107e se slagati uz svaku odevnu kombinaciju? Na\u0161e Yokana sandale su savr\u0161en izbor. Ove ribarske sandale imaju \u0111on od jute i dovoljno su univerzalne za svaku priliku, od opu\u0161tenih brunch-ova do letnjih ven\u010danja. Nosite ih uz letnju haljinu ili stilizujte sa kombinezonom - mogu\u0107nosti su beskrajne.<\/p>\n<h6>Stilizovane i udobne sandale sa kai\u0161evima<\/h6>\n<p>Pripremite se za letnju sezonu uz na\u0161e stilizovane sandale sa kai\u0161evima. Napravljene od najfinijih materijala, ove sandale \u0107e vam pru\u017eiti udobnost i stil tokom celog dana. Bilo da idete na pla\u017eu ili ste u izlasku u grad, ove sandale su idealan izbor.<\/p>\n<h6>Do\u017eivite jedinstvenost i vrednost ru\u010dno izra\u0111ene obu\u0107e<\/h6>\n<p>Sve na\u0161e cipele pa\u017eljivo su izra\u0111ene od strane ve\u0161tih zanatlija, osiguravaju\u0107i njihovu jedinstvenost i vrednost. Izaberite ru\u010dno izra\u0111ene cipele ovog leta i podignite svoju kolekciju obu\u0107e sa udobno\u0161\u0107u i stilom.<\/p>","protected":false},"excerpt":{"rendered":"<p>Yokana sandale predstavljaju savr\u0161en spoj nostalgije za divnim 80-im godinama i modernog pristupa dizajnu. Inspirirane retro stilom, ove sandale su kreirane sa ciljem da spoje prepoznatljive elemente tog vremena sa visokokvalitetnim materijalima dana\u0161njice.<\/p>","protected":false},"featured_media":5925,"template":"","meta":{"_acf_changed":false},"product_cat":[138,111],"product_tag":[365,267,299,374,372,373,370,151,378,291,337,118,119,269,377,152,117,375,381,379,371,380,357,376],"class_list":{"0":"post-5120","1":"product","2":"type-product","3":"status-publish","4":"has-post-thumbnail","6":"product_cat-sandals","7":"product_cat-womens-shoes","8":"product_tag-attention-to-detail","9":"product_tag-classic-design","10":"product_tag-comfort-and-style","11":"product_tag-commitment-to-quality-craftsmanship","12":"product_tag-durable-and-comfortable","13":"product_tag-elevate-your-look","14":"product_tag-espadrille-leather-sandals","15":"product_tag-espadrilles","16":"product_tag-fisherman-sandals","17":"product_tag-handmade-shoes","18":"product_tag-high-quality-materials","19":"product_tag-nappa-leather","20":"product_tag-natural-jute","21":"product_tag-natural-jute-sole","22":"product_tag-perfect-for-any-occasion","23":"product_tag-sandals","24":"product_tag-shoes","25":"product_tag-staple-in-your-wardrobe","26":"product_tag-step-up-your-shoe-game","27":"product_tag-strappy-and-stylish","28":"product_tag-summer-ready-footwear","29":"product_tag-uniqueness-and-value","30":"product_tag-versatile-and-stylish","31":"product_tag-worth-the-wait","32":"pa_shoes-brand-yokana","34":"first","35":"instock","36":"shipping-taxable","37":"purchasable","38":"product-type-variable","swatches":"rey-swatches","show_selected":""},"aioseo_notices":[],"acf":[],"jetpack_sharing_enabled":true,"_links":{"self":[{"href":"https:\/\/yokana.shop\/sr\/wp-json\/wp\/v2\/product\/5120","targetHints":{"allow":["GET"]}}],"collection":[{"href":"https:\/\/yokana.shop\/sr\/wp-json\/wp\/v2\/product"}],"about":[{"href":"https:\/\/yokana.shop\/sr\/wp-json\/wp\/v2\/types\/product"}],"wp:featuredmedia":[{"embeddable":true,"href":"https:\/\/yokana.shop\/sr\/wp-json\/wp\/v2\/media\/5925"}],"wp:attachment":[{"href":"https:\/\/yokana.shop\/sr\/wp-json\/wp\/v2\/media?parent=5120"}],"wp:term":[{"taxonomy":"product_cat","embeddable":true,"href":"https:\/\/yokana.shop\/sr\/wp-json\/wp\/v2\/product_cat?post=5120"},{"taxonomy":"product_tag","embeddable":true,"href":"https:\/\/yokana.shop\/sr\/wp-json\/wp\/v2\/product_tag?post=5120"}],"curies":[{"name":"wp","href":"https:\/\/api.w.org\/{rel}","templated":true}]}}