{"id":516,"date":"2019-07-31T18:41:58","date_gmt":"2019-07-31T18:41:58","guid":{"rendered":"http:\/\/demos.reytheme.com\/paris\/?page_id=516"},"modified":"2023-07-19T07:59:42","modified_gmt":"2023-07-19T05:59:42","slug":"shipping-returns","status":"publish","type":"page","link":"https:\/\/yokana.shop\/sr\/shipping-returns\/","title":{"rendered":"Isporuka i povra\u0107aj"},"content":{"rendered":"<div data-elementor-type=\"wp-page\" data-elementor-id=\"516\" class=\"elementor elementor-516\" data-elementor-post-type=\"page\">\n\t\t\t\t\t\t<section class=\"elementor-section elementor-top-section elementor-element elementor-element-fa9c5c4 elementor-section-boxed elementor-section-height-default elementor-section-height-default\" data-id=\"fa9c5c4\" data-element_type=\"section\" data-e-type=\"section\">\n\t\t\t\t\t\t<div class=\"elementor-container elementor-column-gap-default\">\n\t\t\t\t\t<div class=\"elementor-column elementor-col-100 elementor-top-column elementor-element elementor-element-632a28e\" data-id=\"632a28e\" data-element_type=\"column\" data-e-type=\"column\">\n\t\t\t<div class=\"elementor-column-wrap--632a28e elementor-widget-wrap elementor-element-populated\">\n\t\t\t\t\t\t<div class=\"elementor-element elementor-element-7db239c elementor-widget elementor-widget-heading\" data-id=\"7db239c\" data-element_type=\"widget\" data-e-type=\"widget\" data-widget_type=\"heading.default\">\n\t\t\t\t<div class=\"elementor-widget-container\">\n\t\t\t\t\t<h1 class=\"elementor-heading-title elementor-size-default\">Isporuka i povra\u0107aj<\/h1>\t\t\t\t<\/div>\n\t\t\t\t<\/div>\n\t\t\t\t<div class=\"elementor-element elementor-element-61200fb elementor-widget elementor-widget-text-editor\" data-id=\"61200fb\" data-element_type=\"widget\" data-e-type=\"widget\" data-widget_type=\"text-editor.default\">\n\t\t\t\t<div class=\"elementor-widget-container\">\n\t\t\t\t\t\t\t\t\t<p>Kada kod nas obavite porud\u017ebinu, \u017eelimo da se pobrinemo da va\u0161i proizvodi stignu do vas na vreme i bezbedno. Molimo vas da pa\u017eljivo pregledate na\u0161e politike isporuke i povra\u0107aja proizvoda u nastavku.<\/p>\t\t\t\t\t\t\t\t<\/div>\n\t\t\t\t<\/div>\n\t\t\t\t\t<\/div>\n\t\t<\/div>\n\t\t\t\t\t<\/div>\n\t\t<\/section>\n\t\t\t\t<section class=\"elementor-section elementor-top-section elementor-element elementor-element-6abe618 elementor-section-boxed elementor-section-height-default elementor-section-height-default\" data-id=\"6abe618\" data-element_type=\"section\" data-e-type=\"section\">\n\t\t\t\t\t\t<div class=\"elementor-container elementor-column-gap-default\">\n\t\t\t\t\t<div class=\"elementor-column elementor-col-100 elementor-top-column elementor-element elementor-element-590505c\" data-id=\"590505c\" data-element_type=\"column\" data-e-type=\"column\">\n\t\t\t<div class=\"elementor-column-wrap--590505c elementor-widget-wrap elementor-element-populated\">\n\t\t\t\t\t\t<div class=\"elementor-element elementor-element-2e6bca3 elementor-widget elementor-widget-heading\" data-id=\"2e6bca3\" data-element_type=\"widget\" data-e-type=\"widget\" data-widget_type=\"heading.default\">\n\t\t\t\t<div class=\"elementor-widget-container\">\n\t\t\t\t\t<h2 class=\"elementor-heading-title elementor-size-default\">Isporuka unutar Republike Srbije<\/h2>\t\t\t\t<\/div>\n\t\t\t\t<\/div>\n\t\t\t\t<div class=\"elementor-element elementor-element-6659462 elementor-widget elementor-widget-text-editor\" data-id=\"6659462\" data-element_type=\"widget\" data-e-type=\"widget\" data-widget_type=\"text-editor.default\">\n\t\t\t\t<div class=\"elementor-widget-container\">\n\t\t\t\t\t\t\t\t\t<p>Nakon \u0161to izaberete na\u010din pla\u0107anja i kreirate porud\u017ebinu, dobi\u0107ete potvrdu putem e-po\u0161te, nakon \u010dega po\u010dinjemo izradu va\u0161ih espadrila. Imajte na umu da nam je potrebno 7 do 10 radnih dana za proizvodnju. Kada izradimo va\u0161e espadrile, u roku od jednog dana \u0161aljemo vam paket putem kurirske slu\u017ebe PostExpress, na adresu koju ste naveli prilikom kreiranja porud\u017ebine.<br \/><strong>Besplatna dostava.<\/strong><\/p>\t\t\t\t\t\t\t\t<\/div>\n\t\t\t\t<\/div>\n\t\t\t\t\t<\/div>\n\t\t<\/div>\n\t\t\t\t\t<\/div>\n\t\t<\/section>\n\t\t\t\t<section class=\"elementor-section elementor-top-section elementor-element elementor-element-b641be7 elementor-section-boxed elementor-section-height-default elementor-section-height-default\" data-id=\"b641be7\" data-element_type=\"section\" data-e-type=\"section\">\n\t\t\t\t\t\t<div class=\"elementor-container elementor-column-gap-default\">\n\t\t\t\t\t<div class=\"elementor-column elementor-col-100 elementor-top-column elementor-element elementor-element-8c9a0da\" data-id=\"8c9a0da\" data-element_type=\"column\" data-e-type=\"column\">\n\t\t\t<div class=\"elementor-column-wrap--8c9a0da elementor-widget-wrap elementor-element-populated\">\n\t\t\t\t\t\t<div class=\"elementor-element elementor-element-0e486a6 elementor-widget elementor-widget-heading\" data-id=\"0e486a6\" data-element_type=\"widget\" data-e-type=\"widget\" data-widget_type=\"heading.default\">\n\t\t\t\t<div class=\"elementor-widget-container\">\n\t\t\t\t\t<h2 class=\"elementor-heading-title elementor-size-default\">Me\u0111unarodna isporuka<\/h2>\t\t\t\t<\/div>\n\t\t\t\t<\/div>\n\t\t\t\t<div class=\"elementor-element elementor-element-0002190 elementor-widget elementor-widget-text-editor\" data-id=\"0002190\" data-element_type=\"widget\" data-e-type=\"widget\" data-widget_type=\"text-editor.default\">\n\t\t\t\t<div class=\"elementor-widget-container\">\n\t\t\t\t\t\t\t\t\t<p>Va\u017eno je znati da \u0161aljemo iz Srbije, koja nije deo EU, i da je odgovornost kupca da nastavi sa carinskim postupkom i plati sve uvozne da\u017ebine i poreze. Molimo vas da unapred proverite kod lokalne carinske slu\u017ebe svoje obaveze prilikom prijema paketa iz druge zemlje. Imajte na umu da nam je potrebno 7 do 10 radnih dana za proizvodnju. Period isporuke mo\u017ee trajati do 15 dana.<\/p>\t\t\t\t\t\t\t\t<\/div>\n\t\t\t\t<\/div>\n\t\t\t\t\t<\/div>\n\t\t<\/div>\n\t\t\t\t\t<\/div>\n\t\t<\/section>\n\t\t\t\t<section class=\"elementor-section elementor-top-section elementor-element elementor-element-e86a4f9 elementor-section-boxed elementor-section-height-default elementor-section-height-default\" data-id=\"e86a4f9\" data-element_type=\"section\" data-e-type=\"section\">\n\t\t\t\t\t\t<div class=\"elementor-container elementor-column-gap-default\">\n\t\t\t\t\t<div class=\"elementor-column elementor-col-100 elementor-top-column elementor-element elementor-element-be94bce\" data-id=\"be94bce\" data-element_type=\"column\" data-e-type=\"column\">\n\t\t\t<div class=\"elementor-column-wrap--be94bce elementor-widget-wrap elementor-element-populated\">\n\t\t\t\t\t\t<div class=\"elementor-element elementor-element-c37d952 elementor-widget elementor-widget-heading\" data-id=\"c37d952\" data-element_type=\"widget\" data-e-type=\"widget\" data-widget_type=\"heading.default\">\n\t\t\t\t<div class=\"elementor-widget-container\">\n\t\t\t\t\t<h2 class=\"elementor-heading-title elementor-size-default\">Zamena proizvoda<\/h2>\t\t\t\t<\/div>\n\t\t\t\t<\/div>\n\t\t\t\t<div class=\"elementor-element elementor-element-efce212 elementor-widget elementor-widget-text-editor\" data-id=\"efce212\" data-element_type=\"widget\" data-e-type=\"widget\" data-widget_type=\"text-editor.default\">\n\t\t\t\t<div class=\"elementor-widget-container\">\n\t\t\t\t\t\t\t\t\t<p>Ako \u017eelite da zamenite proizvod, molimo vas da nas kontaktirate putem e-po\u0161te ili telefonom. Zamena proizvoda je mogu\u0107a ukoliko su ispunjeni slede\u0107i uslovi:<\/p><p>Proizvod nije kori\u0161\u0107en<br \/>Proizvod nije o\u0161te\u0107en<br \/>Originalno pakovanje je sa\u010duvano<\/p>\t\t\t\t\t\t\t\t<\/div>\n\t\t\t\t<\/div>\n\t\t\t\t\t<\/div>\n\t\t<\/div>\n\t\t\t\t\t<\/div>\n\t\t<\/section>\n\t\t\t\t<section class=\"elementor-section elementor-top-section elementor-element elementor-element-bf56db0 elementor-section-boxed elementor-section-height-default elementor-section-height-default\" data-id=\"bf56db0\" data-element_type=\"section\" data-e-type=\"section\">\n\t\t\t\t\t\t<div class=\"elementor-container elementor-column-gap-default\">\n\t\t\t\t\t<div class=\"elementor-column elementor-col-100 elementor-top-column elementor-element elementor-element-e232858\" data-id=\"e232858\" data-element_type=\"column\" data-e-type=\"column\">\n\t\t\t<div class=\"elementor-column-wrap--e232858 elementor-widget-wrap elementor-element-populated\">\n\t\t\t\t\t\t<div class=\"elementor-element elementor-element-8e6a53a elementor-widget elementor-widget-heading\" data-id=\"8e6a53a\" data-element_type=\"widget\" data-e-type=\"widget\" data-widget_type=\"heading.default\">\n\t\t\t\t<div class=\"elementor-widget-container\">\n\t\t\t\t\t<h2 class=\"elementor-heading-title elementor-size-default\">Povra\u0107aj novca<\/h2>\t\t\t\t<\/div>\n\t\t\t\t<\/div>\n\t\t\t\t<div class=\"elementor-element elementor-element-f152e33 elementor-widget elementor-widget-text-editor\" data-id=\"f152e33\" data-element_type=\"widget\" data-e-type=\"widget\" data-widget_type=\"text-editor.default\">\n\t\t\t\t<div class=\"elementor-widget-container\">\n\t\t\t\t\t\t\t\t\t<p>Povra\u0107aj novca kupcu ne\u0107e uklju\u010divati uvozne da\u017ebine i poreze koje je kupac platio. Kupac je odgovoran da se pridr\u017eava primenljivih zakona zemlje uvoza kako bi dobio povra\u0107aj novca ili osloba\u0111anje od takvih poreza i da\u017ebina.<br \/><br \/>U slu\u010daju povra\u0107aja proizvoda i refundacije kupcima koji su prethodno izvr\u0161ili pla\u0107anje putem kreditne kartice, bilo delimi\u010dno ili u celosti, bez obzira na razlog povra\u0107aja, YOKANA je obavezna izdati povra\u0107aj isklju\u010divo putem VISA, EC\/MC, Maestro, Amex i Dina metoda pla\u0107anja. To zna\u010di da \u0107e banka, na zahtev trgovca, izvr\u0161iti povra\u0107aj na korisni\u010dki ra\u010dun kartice.<\/p>\t\t\t\t\t\t\t\t<\/div>\n\t\t\t\t<\/div>\n\t\t\t\t\t<\/div>\n\t\t<\/div>\n\t\t\t\t\t<\/div>\n\t\t<\/section>\n\t\t\t\t<section class=\"elementor-section elementor-top-section elementor-element elementor-element-d8e1764 elementor-section-boxed elementor-section-height-default elementor-section-height-default\" data-id=\"d8e1764\" data-element_type=\"section\" data-e-type=\"section\">\n\t\t\t\t\t\t<div class=\"elementor-container elementor-column-gap-default\">\n\t\t\t\t\t<div class=\"elementor-column elementor-col-100 elementor-top-column elementor-element elementor-element-0df1b5b\" data-id=\"0df1b5b\" data-element_type=\"column\" data-e-type=\"column\">\n\t\t\t<div class=\"elementor-column-wrap--0df1b5b elementor-widget-wrap elementor-element-populated\">\n\t\t\t\t\t\t<div class=\"elementor-element elementor-element-4f85813 elementor-widget elementor-widget-heading\" data-id=\"4f85813\" data-element_type=\"widget\" data-e-type=\"widget\" data-widget_type=\"heading.default\">\n\t\t\t\t<div class=\"elementor-widget-container\">\n\t\t\t\t\t<h2 class=\"elementor-heading-title elementor-size-default\">Reklamacije<\/h2>\t\t\t\t<\/div>\n\t\t\t\t<\/div>\n\t\t\t\t<div class=\"elementor-element elementor-element-d522732 elementor-widget elementor-widget-text-editor\" data-id=\"d522732\" data-element_type=\"widget\" data-e-type=\"widget\" data-widget_type=\"text-editor.default\">\n\t\t\t\t<div class=\"elementor-widget-container\">\n\t\t\t\t\t\t\t\t\t<p>Ako imate bilo kakvih problema sa kupljenim proizvodom, molimo vas da nas kontaktirate putem e-po\u0161te ili telefona. Va\u0161a reklamacija \u0107e biti re\u0161ena \u0161to je pre mogu\u0107e, u skladu sa va\u017ee\u0107im propisima i zakonima Republike Srbije.<br \/><br \/><\/p><p>Kontaktirajte nas putem e-po\u0161te na <strong><a href=\"mailto:office@yokana.shop\" target=\"_new\">office@yokana.shop<\/a><\/strong> ili putem telefona na\u00a0<strong>+381 61 227 27 87<\/strong>.<\/p><p>Na\u0161 tim \u0107e vam rado pomo\u0107i.<\/p><p>Srda\u010dan pozdrav,<\/p><p>Tim Yokana.shop<\/p>\t\t\t\t\t\t\t\t<\/div>\n\t\t\t\t<\/div>\n\t\t\t\t\t<\/div>\n\t\t<\/div>\n\t\t\t\t\t<\/div>\n\t\t<\/section>\n\t\t\t\t<\/div>","protected":false},"excerpt":{"rendered":"<p>Shipping &#038; Returns When you place an order with us, we want to ensure that your items arrive to you in a timely and safe manner. Please review our shipping and returns policies below. Shipping within the Republic of Serbia After choosing the payment method and creating the purchase order, you will receive a confirmation [&hellip;]<\/p>\n","protected":false},"author":1,"featured_media":0,"parent":0,"menu_order":0,"comment_status":"closed","ping_status":"closed","template":"template-builder.php","meta":{"_acf_changed":false,"footnotes":""},"class_list":["post-516","page","type-page","status-publish","hentry"],"aioseo_notices":[],"acf":[],"jetpack_sharing_enabled":true,"_links":{"self":[{"href":"https:\/\/yokana.shop\/sr\/wp-json\/wp\/v2\/pages\/516","targetHints":{"allow":["GET"]}}],"collection":[{"href":"https:\/\/yokana.shop\/sr\/wp-json\/wp\/v2\/pages"}],"about":[{"href":"https:\/\/yokana.shop\/sr\/wp-json\/wp\/v2\/types\/page"}],"author":[{"embeddable":true,"href":"https:\/\/yokana.shop\/sr\/wp-json\/wp\/v2\/users\/1"}],"replies":[{"embeddable":true,"href":"https:\/\/yokana.shop\/sr\/wp-json\/wp\/v2\/comments?post=516"}],"version-history":[{"count":0,"href":"https:\/\/yokana.shop\/sr\/wp-json\/wp\/v2\/pages\/516\/revisions"}],"wp:attachment":[{"href":"https:\/\/yokana.shop\/sr\/wp-json\/wp\/v2\/media?parent=516"}],"curies":[{"name":"wp","href":"https:\/\/api.w.org\/{rel}","templated":true}]}}