{"id":3674,"date":"2023-04-08T22:53:42","date_gmt":"2023-04-08T20:53:42","guid":{"rendered":"https:\/\/yokana.shop\/?page_id=3674"},"modified":"2023-07-29T13:39:51","modified_gmt":"2023-07-29T11:39:51","slug":"payment-methods","status":"publish","type":"page","link":"https:\/\/yokana.shop\/sr\/payment-methods\/","title":{"rendered":"Payments method"},"content":{"rendered":"<div data-elementor-type=\"wp-page\" data-elementor-id=\"3674\" class=\"elementor elementor-3674\" data-elementor-post-type=\"page\">\n\t\t\t\t\t\t<section class=\"elementor-section elementor-top-section elementor-element elementor-element-e112300 elementor-section-boxed elementor-section-height-default elementor-section-height-default\" data-id=\"e112300\" data-element_type=\"section\" data-e-type=\"section\">\n\t\t\t\t\t\t<div class=\"elementor-container elementor-column-gap-default\">\n\t\t\t\t\t<div class=\"elementor-column elementor-col-100 elementor-top-column elementor-element elementor-element-752f1a8\" data-id=\"752f1a8\" data-element_type=\"column\" data-e-type=\"column\">\n\t\t\t<div class=\"elementor-column-wrap--752f1a8 elementor-widget-wrap elementor-element-populated\">\n\t\t\t\t\t\t<div class=\"elementor-element elementor-element-ef2b52f elementor-widget elementor-widget-heading\" data-id=\"ef2b52f\" data-element_type=\"widget\" data-e-type=\"widget\" data-widget_type=\"heading.default\">\n\t\t\t\t<div class=\"elementor-widget-container\">\n\t\t\t\t\t<h1 class=\"elementor-heading-title elementor-size-default\">Na\u010dini pla\u0107anja<\/h1>\t\t\t\t<\/div>\n\t\t\t\t<\/div>\n\t\t\t\t<div class=\"elementor-element elementor-element-28dd396 elementor-widget elementor-widget-text-editor\" data-id=\"28dd396\" data-element_type=\"widget\" data-e-type=\"widget\" data-widget_type=\"text-editor.default\">\n\t\t\t\t<div class=\"elementor-widget-container\">\n\t\t\t\t\t\t\t\t\t<p>Dragi kup\u010de,<\/p><p>Hvala vam \u0161to razmatrate Yokana.shop za svoju kupovinu. Pre nego \u0161to izvr\u0161ite porud\u017ebinu na na\u0161em sajtu, pa\u017eljivo pregledajte na\u0161e opcije pla\u0107anja. <br \/>YOKANA nije registrovana u sistemu PDV-a.<br \/>Tokom procesa naru\u010divanja, mo\u017eete izabrati jedan od slede\u0107ih na\u010dina pla\u0107anja:<\/p>\t\t\t\t\t\t\t\t<\/div>\n\t\t\t\t<\/div>\n\t\t\t\t\t<\/div>\n\t\t<\/div>\n\t\t\t\t\t<\/div>\n\t\t<\/section>\n\t\t\t\t<section class=\"elementor-section elementor-top-section elementor-element elementor-element-6ee64ab elementor-section-boxed elementor-section-height-default elementor-section-height-default\" data-id=\"6ee64ab\" data-element_type=\"section\" data-e-type=\"section\">\n\t\t\t\t\t\t<div class=\"elementor-container elementor-column-gap-default\">\n\t\t\t\t\t<div class=\"elementor-column elementor-col-100 elementor-top-column elementor-element elementor-element-799dfc1\" data-id=\"799dfc1\" data-element_type=\"column\" data-e-type=\"column\">\n\t\t\t<div class=\"elementor-column-wrap--799dfc1 elementor-widget-wrap elementor-element-populated\">\n\t\t\t\t\t\t<div class=\"elementor-element elementor-element-488564b elementor-widget elementor-widget-heading\" data-id=\"488564b\" data-element_type=\"widget\" data-e-type=\"widget\" data-widget_type=\"heading.default\">\n\t\t\t\t<div class=\"elementor-widget-container\">\n\t\t\t\t\t<h2 class=\"elementor-heading-title elementor-size-default\">Pla\u0107anje pouze\u0107em<\/h2>\t\t\t\t<\/div>\n\t\t\t\t<\/div>\n\t\t\t\t<div class=\"elementor-element elementor-element-6dbb4eb elementor-widget elementor-widget-text-editor\" data-id=\"6dbb4eb\" data-element_type=\"widget\" data-e-type=\"widget\" data-widget_type=\"text-editor.default\">\n\t\t\t\t<div class=\"elementor-widget-container\">\n\t\t\t\t\t\t\t\t\t<p>Pla\u0107anje pouze\u0107em vam omogu\u0107ava da platite svoju porud\u017ebinu gotovinom prilikom isporuke. Ova opcija pla\u0107anja dostupna je samo za isporuke unutar Srbije.<\/p>\t\t\t\t\t\t\t\t<\/div>\n\t\t\t\t<\/div>\n\t\t\t\t\t<\/div>\n\t\t<\/div>\n\t\t\t\t\t<\/div>\n\t\t<\/section>\n\t\t\t\t<section class=\"elementor-section elementor-top-section elementor-element elementor-element-1b334c7 elementor-section-boxed elementor-section-height-default elementor-section-height-default\" data-id=\"1b334c7\" data-element_type=\"section\" data-e-type=\"section\">\n\t\t\t\t\t\t<div class=\"elementor-container elementor-column-gap-default\">\n\t\t\t\t\t<div class=\"elementor-column elementor-col-100 elementor-top-column elementor-element elementor-element-80649da\" data-id=\"80649da\" data-element_type=\"column\" data-e-type=\"column\">\n\t\t\t<div class=\"elementor-column-wrap--80649da elementor-widget-wrap elementor-element-populated\">\n\t\t\t\t\t\t<div class=\"elementor-element elementor-element-450233b elementor-widget elementor-widget-heading\" data-id=\"450233b\" data-element_type=\"widget\" data-e-type=\"widget\" data-widget_type=\"heading.default\">\n\t\t\t\t<div class=\"elementor-widget-container\">\n\t\t\t\t\t<h2 class=\"elementor-heading-title elementor-size-default\">Pla\u0107anje platnim karticama<\/h2>\t\t\t\t<\/div>\n\t\t\t\t<\/div>\n\t\t\t\t<div class=\"elementor-element elementor-element-1fcd55b elementor-widget elementor-widget-text-editor\" data-id=\"1fcd55b\" data-element_type=\"widget\" data-e-type=\"widget\" data-widget_type=\"text-editor.default\">\n\t\t\t\t<div class=\"elementor-widget-container\">\n\t\t\t\t\t\t\t\t\t<p>Prihvatamo kreditne i debitne kartice Visa, MasterCard, Maestro, Dina i American Express. Pla\u0107anje karticom je sigurno, a transakciju \u0107ete obaviti putem sigurnog linka koji pru\u017ea banka. Detalji va\u0161e kartice ne\u0107e biti sa\u010duvani na na\u0161em serveru.<\/p><p>Sva pla\u0107anja bi\u0107e izvr\u0161ena u lokalnoj valuti Republike Srbije \u2013 dinar (RSD).Za\ninformativni prikaz cena u drugim valutama koristi se srednji kurs Narodne Banke Srbije.\nIznos za koji \u0107e biti zadu\u017eena Va\u0161a platna kartica bi\u0107e izra\u017een u Va\u0161oj lokalnoj valuti\nkroz konverziju u istu po kursu koji koriste karti\u010darske organizacije, a koji nama u\ntrenutku transakcije ne mo\u017ee biti poznat. Kao rezultat ove konverzije postoji mogu\u0107nost\nneznatne razlike od originalne cene navedene na na\u0161em sajtu.<\/p>\t\t\t\t\t\t\t\t<\/div>\n\t\t\t\t<\/div>\n\t\t\t\t\t<\/div>\n\t\t<\/div>\n\t\t\t\t\t<\/div>\n\t\t<\/section>\n\t\t\t\t<section class=\"elementor-section elementor-top-section elementor-element elementor-element-d2629e7 elementor-section-boxed elementor-section-height-default elementor-section-height-default\" data-id=\"d2629e7\" data-element_type=\"section\" data-e-type=\"section\">\n\t\t\t\t\t\t<div class=\"elementor-container elementor-column-gap-default\">\n\t\t\t\t\t<div class=\"elementor-column elementor-col-100 elementor-top-column elementor-element elementor-element-99f8e57\" data-id=\"99f8e57\" data-element_type=\"column\" data-e-type=\"column\">\n\t\t\t<div class=\"elementor-column-wrap--99f8e57 elementor-widget-wrap elementor-element-populated\">\n\t\t\t\t\t\t<div class=\"elementor-element elementor-element-80f72d9 elementor-widget elementor-widget-heading\" data-id=\"80f72d9\" data-element_type=\"widget\" data-e-type=\"widget\" data-widget_type=\"heading.default\">\n\t\t\t\t<div class=\"elementor-widget-container\">\n\t\t\t\t\t<h2 class=\"elementor-heading-title elementor-size-default\">Pla\u0107anje uplatnicom ili nalogom za prenos<\/h2>\t\t\t\t<\/div>\n\t\t\t\t<\/div>\n\t\t\t\t<div class=\"elementor-element elementor-element-33a4245 elementor-widget elementor-widget-text-editor\" data-id=\"33a4245\" data-element_type=\"widget\" data-e-type=\"widget\" data-widget_type=\"text-editor.default\">\n\t\t\t\t<div class=\"elementor-widget-container\">\n\t\t\t\t\t\t\t\t\t<p>Mo\u017eete izvr\u0161iti uplatu putem elektronskog bankarstva ili uz pomo\u0107 uplatnice na na\u0161 teku\u0107i ra\u010dun. Nakon potvrde uplate, va\u0161a porud\u017ebina \u0107e biti obra\u0111ena i isporu\u010dena. Molimo da kao referencu za uplatu navedete broj porud\u017ebine.<\/p><p>BANCA INTESA AD BEOGRAD<br \/>JOVANA \u0110UROVI\u0106 PR YOKANA<br \/><br \/>Broj ra\u010duna za EUR: 160-6000001711116-38<br \/>Korespondenta banka: BCITITMM, INTESA SANPAOLO SPA, MILANO, ITALY<br \/>SWIFT: DBDBRSBG<br \/>IBAN: RS35160600000171111638<br \/><br \/>Broj ra\u010duna za RSD: 160-6000001708067-67<\/p>\t\t\t\t\t\t\t\t<\/div>\n\t\t\t\t<\/div>\n\t\t\t\t\t<\/div>\n\t\t<\/div>\n\t\t\t\t\t<\/div>\n\t\t<\/section>\n\t\t\t\t<section class=\"elementor-section elementor-top-section elementor-element elementor-element-6b0e39e elementor-section-boxed elementor-section-height-default elementor-section-height-default\" data-id=\"6b0e39e\" data-element_type=\"section\" data-e-type=\"section\">\n\t\t\t\t\t\t<div class=\"elementor-container elementor-column-gap-default\">\n\t\t\t\t\t<div class=\"elementor-column elementor-col-100 elementor-top-column elementor-element elementor-element-b3226ee\" data-id=\"b3226ee\" data-element_type=\"column\" data-e-type=\"column\">\n\t\t\t<div class=\"elementor-column-wrap--b3226ee elementor-widget-wrap elementor-element-populated\">\n\t\t\t\t\t\t<div class=\"elementor-element elementor-element-bb7f9ec elementor-widget elementor-widget-heading\" data-id=\"bb7f9ec\" data-element_type=\"widget\" data-e-type=\"widget\" data-widget_type=\"heading.default\">\n\t\t\t\t<div class=\"elementor-widget-container\">\n\t\t\t\t\t<h2 class=\"elementor-heading-title elementor-size-default\">PayPal<\/h2>\t\t\t\t<\/div>\n\t\t\t\t<\/div>\n\t\t\t\t<div class=\"elementor-element elementor-element-879d431 elementor-widget elementor-widget-text-editor\" data-id=\"879d431\" data-element_type=\"widget\" data-e-type=\"widget\" data-widget_type=\"text-editor.default\">\n\t\t\t\t<div class=\"elementor-widget-container\">\n\t\t\t\t\t\t\t\t\t<p>Pla\u0107anje putem PayPal-a dostupno je samo za kupce izvan Srbije. Ako ste kupac izvan Srbije, mo\u017eete platiti svoju porud\u017ebinu putem PayPal naloga slede\u0107i ove korake:<\/p><ol><li>Izaberite proizvod\/e koje \u017eelite da kupite.<\/li><li>Nastavite sa procesom kupovine i pre\u0111ite u korpu.<\/li><li>Unesite potrebne informacije.<\/li><li>Izaberite PayPal kao na\u010din pla\u0107anja i potvrdite transakciju.<\/li><li>Bi\u0107ete preusmereni na PayPal platformu gde se trebate prijaviti sa va\u0161im korisni\u010dkim imenom i lozinkom.<\/li><li>Nakon uspe\u0161ne uplate, dobi\u0107ete potvrdu porud\u017ebine putem e-po\u0161te.<\/li><\/ol><p>Pla\u0107anje putem PayPal-a regulisano je \u010dlanom 32. Zakona o deviznom poslovanju (\"Slu\u017ebeni glasnik RS\", br. 62\/2006, 31\/2011, 119\/2012 i 139\/2014), koji u stavovima 2 i 3 propisuje slede\u0107e:<\/p><p>\"Stanovnici mogu obavljati platni promet sa inostranstvom i putem izdavalaca elektronskog novca - za pla\u0107anje i naplatu na osnovu elektronske kupoprodaje dobara i usluga. Platni promet sa inostranstvom od strane stanovnika - fizi\u010dkih lica mo\u017ee se vr\u0161iti i putem platne institucije i javnog operatora po\u0161te koji pru\u017ea platne usluge, u skladu sa zakonom kojim se ure\u0111uju platne usluge.<\/p><p>Sredstva stanovnika koja se nalaze kod inostrane institucije elektronskog novca za pla\u0107anje, odnosno naplatu na osnovu elektronske kupoprodaje dobara i usluga, ne smatraju se depozitima u smislu \u010dlana 27. stav 2 ovog zakona.\"<\/p><p>Napomena: Klikom na dugme \"POTVRDI\" prilikom naru\u010divanja, pristajete na uslove pla\u0107anja putem PayPal-a.<\/p>\t\t\t\t\t\t\t\t<\/div>\n\t\t\t\t<\/div>\n\t\t\t\t\t<\/div>\n\t\t<\/div>\n\t\t\t\t\t<\/div>\n\t\t<\/section>\n\t\t\t\t<section class=\"elementor-section elementor-top-section elementor-element elementor-element-95d717a elementor-section-boxed elementor-section-height-default elementor-section-height-default\" data-id=\"95d717a\" data-element_type=\"section\" data-e-type=\"section\">\n\t\t\t\t\t\t<div class=\"elementor-container elementor-column-gap-default\">\n\t\t\t\t\t<div class=\"elementor-column elementor-col-100 elementor-top-column elementor-element elementor-element-c8db983\" data-id=\"c8db983\" data-element_type=\"column\" data-e-type=\"column\">\n\t\t\t<div class=\"elementor-column-wrap--c8db983 elementor-widget-wrap elementor-element-populated\">\n\t\t\t\t\t\t<div class=\"elementor-element elementor-element-edf2d56 elementor-widget elementor-widget-heading\" data-id=\"edf2d56\" data-element_type=\"widget\" data-e-type=\"widget\" data-widget_type=\"heading.default\">\n\t\t\t\t<div class=\"elementor-widget-container\">\n\t\t\t\t\t<h2 class=\"elementor-heading-title elementor-size-default\">Pomo\u0107<\/h2>\t\t\t\t<\/div>\n\t\t\t\t<\/div>\n\t\t\t\t<div class=\"elementor-element elementor-element-ce90d6e elementor-widget elementor-widget-text-editor\" data-id=\"ce90d6e\" data-element_type=\"widget\" data-e-type=\"widget\" data-widget_type=\"text-editor.default\">\n\t\t\t\t<div class=\"elementor-widget-container\">\n\t\t\t\t\t\t\t\t\t<p>Ako vam je potrebna pomo\u0107 ili imate bilo kakvih pitanja u vezi sa pla\u0107anjem, slobodno nas kontaktirajte.<br \/>Kontaktirajte nas putem e-po\u0161te na <strong><a href=\"mailto:office@yokana.shop\" target=\"_new\">office@yokana.shop<\/a><\/strong> ili putem telefona na\u00a0<strong>+381 61 227 27 87<\/strong>.<\/p><p>Na\u0161 tim \u0107e vam rado pomo\u0107i.<\/p><p>Srda\u010dan pozdrav,<\/p><p>Tim Yokana.shop<\/p>\t\t\t\t\t\t\t\t<\/div>\n\t\t\t\t<\/div>\n\t\t\t\t\t<\/div>\n\t\t<\/div>\n\t\t\t\t\t<\/div>\n\t\t<\/section>\n\t\t\t\t<\/div>","protected":false},"excerpt":{"rendered":"<p>Payment Methods Dear customer, Thank you for considering Yokana.shop for your purchase. Please carefully review our payment options before placing an order on our website. YOKANA is not registered in the VAT system.During the ordering process, you will be able to choose one of the following payment options: Cash on Delivery Cash on delivery payment [&hellip;]<\/p>\n","protected":false},"author":1,"featured_media":0,"parent":0,"menu_order":0,"comment_status":"closed","ping_status":"closed","template":"template-builder.php","meta":{"_acf_changed":false,"footnotes":""},"class_list":["post-3674","page","type-page","status-publish","hentry"],"aioseo_notices":[],"acf":[],"jetpack_sharing_enabled":true,"_links":{"self":[{"href":"https:\/\/yokana.shop\/sr\/wp-json\/wp\/v2\/pages\/3674","targetHints":{"allow":["GET"]}}],"collection":[{"href":"https:\/\/yokana.shop\/sr\/wp-json\/wp\/v2\/pages"}],"about":[{"href":"https:\/\/yokana.shop\/sr\/wp-json\/wp\/v2\/types\/page"}],"author":[{"embeddable":true,"href":"https:\/\/yokana.shop\/sr\/wp-json\/wp\/v2\/users\/1"}],"replies":[{"embeddable":true,"href":"https:\/\/yokana.shop\/sr\/wp-json\/wp\/v2\/comments?post=3674"}],"version-history":[{"count":0,"href":"https:\/\/yokana.shop\/sr\/wp-json\/wp\/v2\/pages\/3674\/revisions"}],"wp:attachment":[{"href":"https:\/\/yokana.shop\/sr\/wp-json\/wp\/v2\/media?parent=3674"}],"curies":[{"name":"wp","href":"https:\/\/api.w.org\/{rel}","templated":true}]}}