{"id":2417,"date":"2023-03-08T00:28:07","date_gmt":"2023-03-08T00:28:07","guid":{"rendered":"https:\/\/yokana.shop\/?page_id=2417"},"modified":"2023-07-26T16:08:20","modified_gmt":"2023-07-26T14:08:20","slug":"shoes-configurator","status":"publish","type":"page","link":"https:\/\/yokana.shop\/sr\/shoes-configurator\/","title":{"rendered":"Shoes customizer"},"content":{"rendered":"<div data-elementor-type=\"wp-page\" data-elementor-id=\"2417\" class=\"elementor elementor-2417\" data-elementor-post-type=\"page\">\n\t\t\t\t\t\t<section class=\"elementor-section elementor-top-section elementor-element elementor-element-86a5e40 rey-section-stretched elementor-section-height-min-height elementor-section-items-bottom rey-section-bg--classic elementor-section-boxed elementor-section-height-default\" data-id=\"86a5e40\" data-element_type=\"section\" data-e-type=\"section\" data-settings=\"{&quot;background_background&quot;:&quot;classic&quot;}\">\n\t\t\t\t\t\t<div class=\"elementor-container elementor-column-gap-default\">\n\t\t\t\t\t<div class=\"elementor-column elementor-col-100 elementor-top-column elementor-element elementor-element-58bfaa9\" data-id=\"58bfaa9\" data-element_type=\"column\" data-e-type=\"column\">\n\t\t\t<div class=\"elementor-column-wrap--58bfaa9 elementor-widget-wrap elementor-element-populated\">\n\t\t\t\t\t\t<div class=\"elementor-element elementor-element-2c04bbe el-mark--out elementor-widget elementor-widget-heading\" data-id=\"2c04bbe\" data-element_type=\"widget\" data-e-type=\"widget\" data-widget_type=\"heading.default\">\n\t\t\t\t<div class=\"elementor-widget-container\">\n\t\t\t\t\t<h2 class=\"elementor-heading-title elementor-size-default\">Konfigurator obu\u0107e<\/h2>\t\t\t\t<\/div>\n\t\t\t\t<\/div>\n\t\t\t\t<div class=\"elementor-element elementor-element-62e77c2 elementor-button-primary-outline elementor-align-center elementor-widget elementor-widget-button\" data-id=\"62e77c2\" data-element_type=\"widget\" data-e-type=\"widget\" data-widget_type=\"button.default\">\n\t\t\t\t<div class=\"elementor-widget-container\">\n\t\t\t\t\t\t\t\t\t<div class=\"elementor-button-wrapper\">\n\t\t\t\t\t<a class=\"elementor-button elementor-button-link elementor-size-sm\" href=\"#\">\n\t\t\t\t\t\t<span class=\"elementor-button-content-wrapper\">\n\t\t\t\t\t\t\t\t\t<span class=\"elementor-button-text\">POGLEDAJ GALERIJU<\/span>\n\t\t\t\t\t<\/span>\n\t\t\t\t\t<\/a>\n\t\t\t\t<\/div>\n\t\t\t\t\t\t\t\t<\/div>\n\t\t\t\t<\/div>\n\t\t\t\t<div class=\"elementor-element elementor-element-57bb2a3 elementor-widget elementor-widget-reycore-scroll-decorations\" data-id=\"57bb2a3\" data-element_type=\"widget\" data-e-type=\"widget\" data-widget_type=\"reycore-scroll-decorations.default\">\n\t\t\t\t<div class=\"elementor-widget-container\">\n\t\t\t\t\t\t\t<a href=\"#\" class=\"rey-scrollDeco rey-scrollDeco--default\" data-target=\"next\" data-lazy-hidden>\n\t\t\n\t\t\n\t\t<span class=\"rey-scrollDeco-line\"><\/span>\n\n\t\t<\/a>\t\t\t\t<\/div>\n\t\t\t\t<\/div>\n\t\t\t\t\t<\/div>\n\t\t<\/div>\n\t\t\t\t\t<\/div>\n\t\t<\/section>\n\t\t\t\t<section class=\"elementor-section elementor-top-section elementor-element elementor-element-55837ac elementor-section-boxed elementor-section-height-default elementor-section-height-default\" data-id=\"55837ac\" data-element_type=\"section\" data-e-type=\"section\">\n\t\t\t\t\t\t<div class=\"elementor-container elementor-column-gap-default\">\n\t\t\t\t\t<div class=\"elementor-column elementor-col-100 elementor-top-column elementor-element elementor-element-2499230\" data-id=\"2499230\" data-element_type=\"column\" data-e-type=\"column\">\n\t\t\t<div class=\"elementor-column-wrap--2499230 elementor-widget-wrap elementor-element-populated\">\n\t\t\t\t\t\t<div class=\"elementor-element elementor-element-9c89fe6 elementor-widget elementor-widget-text-editor\" data-id=\"9c89fe6\" data-element_type=\"widget\" data-e-type=\"widget\" data-widget_type=\"text-editor.default\">\n\t\t\t\t<div class=\"elementor-widget-container\">\n\t\t\t\t\t\t\t\t\t<h3>Ako \u017eelite da kreirate jedinstven par espadrila, na\u0161a kategorija personalizacije je savr\u0161en izbor.<br \/>Na\u0161a kolekcija personalizovanih espadrila vam omogu\u0107ava da izaberete izme\u0111u 23 razli\u010dite boje i 4 razli\u010dita dela cipele, \u0161to vam pru\u017ea potpunu kontrolu nad dizajnom va\u0161ih espadrila.<\/h3>\t\t\t\t\t\t\t\t<\/div>\n\t\t\t\t<\/div>\n\t\t\t\t\t<\/div>\n\t\t<\/div>\n\t\t\t\t\t<\/div>\n\t\t<\/section>\n\t\t\t\t<section class=\"elementor-section elementor-top-section elementor-element elementor-element-1e8b3b1f rey-section-stretched elementor-section-boxed elementor-section-height-default elementor-section-height-default\" data-id=\"1e8b3b1f\" data-element_type=\"section\" data-e-type=\"section\">\n\t\t\t\t\t\t<div class=\"elementor-container elementor-column-gap-default\">\n\t\t\t\t\t<div class=\"elementor-column elementor-col-50 elementor-top-column elementor-element elementor-element-f0abe53\" data-id=\"f0abe53\" data-element_type=\"column\" data-e-type=\"column\">\n\t\t\t<div class=\"elementor-column-wrap--f0abe53 elementor-widget-wrap\">\n\t\t\t\t\t\t\t<\/div>\n\t\t<\/div>\n\t\t\t\t<div class=\"elementor-column elementor-col-50 elementor-top-column elementor-element elementor-element-470db76e\" data-id=\"470db76e\" data-element_type=\"column\" data-e-type=\"column\">\n\t\t\t<div class=\"elementor-column-wrap--470db76e elementor-widget-wrap elementor-element-populated\">\n\t\t\t\t\t\t<div class=\"elementor-element elementor-element-54d75daf elementor-widget elementor-widget-heading\" data-id=\"54d75daf\" data-element_type=\"widget\" data-e-type=\"widget\" data-widget_type=\"heading.default\">\n\t\t\t\t<div class=\"elementor-widget-container\">\n\t\t\t\t\t<h1 class=\"elementor-heading-title elementor-size-default\">Tvoj dizajn, tvoj stil<\/h1>\t\t\t\t<\/div>\n\t\t\t\t<\/div>\n\t\t\t\t\t<\/div>\n\t\t<\/div>\n\t\t\t\t\t<\/div>\n\t\t<\/section>\n\t\t\t\t<section class=\"elementor-section elementor-top-section elementor-element elementor-element-49bcbc1d --zindexed-1 elementor-section-boxed elementor-section-height-default elementor-section-height-default\" data-id=\"49bcbc1d\" data-element_type=\"section\" data-e-type=\"section\">\n\t\t\t\t\t\t<div class=\"elementor-container elementor-column-gap-default\">\n\t\t\t\t\t<div class=\"elementor-column elementor-col-50 elementor-top-column elementor-element elementor-element-2981154\" data-id=\"2981154\" data-element_type=\"column\" data-e-type=\"column\">\n\t\t\t<div class=\"elementor-column-wrap--2981154 elementor-widget-wrap elementor-element-populated\">\n\t\t\t\t\t\t<section class=\"elementor-section elementor-inner-section elementor-element elementor-element-5a59ad5d rey-sectionScroll rey-sectionScroll--clip-out elementor-section-boxed elementor-section-height-default elementor-section-height-default\" data-id=\"5a59ad5d\" data-element_type=\"section\" data-e-type=\"section\" data-settings=\"{&quot;rey_clip_threshold&quot;:0.5}\">\n\t\t\t\t\t\t\t<div class=\"elementor-background-overlay\"><\/div>\n\t\t\t\t\t\t\t<div class=\"elementor-container elementor-column-gap-default\">\n\t\t\t\t\t<div data-column-link=\"{&quot;url&quot;:&quot;https:\\\/\\\/yokana.shop\\\/product-category\\\/shoes\\\/womens-shoes\\\/womens-boat-shoes-customizer\\\/?v=8cee5050eeb7&quot;,&quot;target&quot;:&quot;_self&quot;}\" class=\"elementor-column elementor-col-100 elementor-inner-column elementor-element elementor-element-32c00f4b rey-colbg--classic\" data-id=\"32c00f4b\" data-element_type=\"column\" data-e-type=\"column\" data-settings=\"{&quot;background_background&quot;:&quot;classic&quot;}\">\n\t\t\t<div class=\"elementor-column-wrap--32c00f4b elementor-widget-wrap elementor-element-populated\">\n\t\t\t\t\t\t<div class=\"elementor-element elementor-element-302031e elementor-widget elementor-widget-heading\" data-id=\"302031e\" data-element_type=\"widget\" data-e-type=\"widget\" data-widget_type=\"heading.default\">\n\t\t\t\t<div class=\"elementor-widget-container\">\n\t\t\t\t\t<h1 class=\"elementor-heading-title elementor-size-small\">\u017eenska obu\u0107a<\/h1>\t\t\t\t<\/div>\n\t\t\t\t<\/div>\n\t\t\t\t\t<\/div>\n\t\t<\/div>\n\t\t\t\t\t<\/div>\n\t\t<\/section>\n\t\t\t\t\t<\/div>\n\t\t<\/div>\n\t\t\t\t<div class=\"elementor-column elementor-col-50 elementor-top-column elementor-element elementor-element-3ec54633\" data-id=\"3ec54633\" data-element_type=\"column\" data-e-type=\"column\">\n\t\t\t<div class=\"elementor-column-wrap--3ec54633 elementor-widget-wrap elementor-element-populated\">\n\t\t\t\t\t\t<section class=\"elementor-section elementor-inner-section elementor-element elementor-element-73bb9ff7 rey-sectionScroll rey-sectionScroll--clip-in elementor-section-boxed elementor-section-height-default elementor-section-height-default\" data-id=\"73bb9ff7\" data-element_type=\"section\" data-e-type=\"section\" data-settings=\"{&quot;rey_clip_threshold&quot;:0.5}\">\n\t\t\t\t\t\t\t<div class=\"elementor-background-overlay\"><\/div>\n\t\t\t\t\t\t\t<div class=\"elementor-container elementor-column-gap-default\">\n\t\t\t\t\t<div data-column-link=\"{&quot;url&quot;:&quot;https:\\\/\\\/yokana.shop\\\/product-category\\\/shoes\\\/mens-shoes\\\/mens-boat-shoes-customizer\\\/?v=8cee5050eeb7&quot;,&quot;target&quot;:&quot;_self&quot;}\" class=\"elementor-column elementor-col-100 elementor-inner-column elementor-element elementor-element-5de29e72 rey-colbg--classic\" data-id=\"5de29e72\" data-element_type=\"column\" data-e-type=\"column\" data-settings=\"{&quot;background_background&quot;:&quot;classic&quot;}\">\n\t\t\t<div class=\"elementor-column-wrap--5de29e72 elementor-widget-wrap elementor-element-populated\">\n\t\t\t\t\t\t<div class=\"elementor-element elementor-element-2fc2b758 elementor-widget elementor-widget-heading\" data-id=\"2fc2b758\" data-element_type=\"widget\" data-e-type=\"widget\" data-widget_type=\"heading.default\">\n\t\t\t\t<div class=\"elementor-widget-container\">\n\t\t\t\t\t<h1 class=\"elementor-heading-title elementor-size-small\">mu\u0161ka obu\u0107a<\/h1>\t\t\t\t<\/div>\n\t\t\t\t<\/div>\n\t\t\t\t\t<\/div>\n\t\t<\/div>\n\t\t\t\t\t<\/div>\n\t\t<\/section>\n\t\t\t\t\t<\/div>\n\t\t<\/div>\n\t\t\t\t\t<\/div>\n\t\t<\/section>\n\t\t\t\t<\/div>","protected":false},"excerpt":{"rendered":"<p>Shoes Customizer WATCH VIDEO If you want to create a unique pair of espadrilles, our customizer category is the perfect choice.Our Boat Shoes Customizer espadrilles are available for both men and women and allow you to choose from 23 different colors and 4 different shoe elements, giving you complete control over the design of your [&hellip;]<\/p>\n","protected":false},"author":1,"featured_media":0,"parent":0,"menu_order":0,"comment_status":"closed","ping_status":"closed","template":"template-builder.php","meta":{"_acf_changed":false,"footnotes":""},"class_list":["post-2417","page","type-page","status-publish","hentry"],"aioseo_notices":[],"acf":[],"jetpack_sharing_enabled":true,"_links":{"self":[{"href":"https:\/\/yokana.shop\/sr\/wp-json\/wp\/v2\/pages\/2417","targetHints":{"allow":["GET"]}}],"collection":[{"href":"https:\/\/yokana.shop\/sr\/wp-json\/wp\/v2\/pages"}],"about":[{"href":"https:\/\/yokana.shop\/sr\/wp-json\/wp\/v2\/types\/page"}],"author":[{"embeddable":true,"href":"https:\/\/yokana.shop\/sr\/wp-json\/wp\/v2\/users\/1"}],"replies":[{"embeddable":true,"href":"https:\/\/yokana.shop\/sr\/wp-json\/wp\/v2\/comments?post=2417"}],"version-history":[{"count":0,"href":"https:\/\/yokana.shop\/sr\/wp-json\/wp\/v2\/pages\/2417\/revisions"}],"wp:attachment":[{"href":"https:\/\/yokana.shop\/sr\/wp-json\/wp\/v2\/media?parent=2417"}],"curies":[{"name":"wp","href":"https:\/\/api.w.org\/{rel}","templated":true}]}}