{"id":2375,"date":"2019-07-31T18:20:39","date_gmt":"2019-07-31T18:20:39","guid":{"rendered":"http:\/\/demos.reytheme.com\/paris\/?page_id=499"},"modified":"2023-07-13T15:53:13","modified_gmt":"2023-07-13T13:53:13","slug":"privacy-policy","status":"publish","type":"page","link":"https:\/\/yokana.shop\/sr\/privacy-policy\/","title":{"rendered":"Politika privatnosti"},"content":{"rendered":"<div data-elementor-type=\"wp-page\" data-elementor-id=\"2375\" class=\"elementor elementor-2375\" data-elementor-post-type=\"page\">\n\t\t\t\t\t\t<section class=\"elementor-section elementor-top-section elementor-element elementor-element-0adba42 elementor-section-boxed elementor-section-height-default elementor-section-height-default\" data-id=\"0adba42\" data-element_type=\"section\" data-e-type=\"section\">\n\t\t\t\t\t\t<div class=\"elementor-container elementor-column-gap-default\">\n\t\t\t\t\t<div class=\"elementor-column elementor-col-100 elementor-top-column elementor-element elementor-element-7b95eb4\" data-id=\"7b95eb4\" data-element_type=\"column\" data-e-type=\"column\">\n\t\t\t<div class=\"elementor-column-wrap--7b95eb4 elementor-widget-wrap elementor-element-populated\">\n\t\t\t\t\t\t<div class=\"elementor-element elementor-element-d8ddc47 elementor-widget elementor-widget-heading\" data-id=\"d8ddc47\" data-element_type=\"widget\" data-e-type=\"widget\" data-widget_type=\"heading.default\">\n\t\t\t\t<div class=\"elementor-widget-container\">\n\t\t\t\t\t<h1 class=\"elementor-heading-title elementor-size-default\">Politika privatnosti<\/h1>\t\t\t\t<\/div>\n\t\t\t\t<\/div>\n\t\t\t\t\t<\/div>\n\t\t<\/div>\n\t\t\t\t\t<\/div>\n\t\t<\/section>\n\t\t\t\t<section class=\"elementor-section elementor-top-section elementor-element elementor-element-6bdde08 elementor-section-boxed elementor-section-height-default elementor-section-height-default\" data-id=\"6bdde08\" data-element_type=\"section\" data-e-type=\"section\">\n\t\t\t\t\t\t<div class=\"elementor-container elementor-column-gap-default\">\n\t\t\t\t\t<div class=\"elementor-column elementor-col-100 elementor-top-column elementor-element elementor-element-8a33962\" data-id=\"8a33962\" data-element_type=\"column\" data-e-type=\"column\">\n\t\t\t<div class=\"elementor-column-wrap--8a33962 elementor-widget-wrap elementor-element-populated\">\n\t\t\t\t\t\t<div class=\"elementor-element elementor-element-c4af543 elementor-widget elementor-widget-heading\" data-id=\"c4af543\" data-element_type=\"widget\" data-e-type=\"widget\" data-widget_type=\"heading.default\">\n\t\t\t\t<div class=\"elementor-widget-container\">\n\t\t\t\t\t<h2 class=\"elementor-heading-title elementor-size-default\">Za\u0161tita privatnosti podataka<\/h2>\t\t\t\t<\/div>\n\t\t\t\t<\/div>\n\t\t\t\t<div class=\"elementor-element elementor-element-a00a202 elementor-widget elementor-widget-text-editor\" data-id=\"a00a202\" data-element_type=\"widget\" data-e-type=\"widget\" data-widget_type=\"text-editor.default\">\n\t\t\t\t<div class=\"elementor-widget-container\">\n\t\t\t\t\t\t\t\t\t<p>Yokana se obavezuje da za\u0161titi privatnost svih svojih kupaca. Prikupljamo samo osnovne potrebne podatke i informacije o korisnicima koji su neophodni za poslovanje i obave\u0161tavanje korisnika u skladu sa dobrim poslovnim praksama i pru\u017eanje kvalitetne usluge. Svi podaci korisnika su strogo poverljivi i dostupni samo zaposlenima koji ih trebaju za obavljanje svojih radnih obaveza. Yokana je odgovorna za po\u0161tovanje principa za\u0161tite privatnosti.<\/p>\t\t\t\t\t\t\t\t<\/div>\n\t\t\t\t<\/div>\n\t\t\t\t\t<\/div>\n\t\t<\/div>\n\t\t\t\t\t<\/div>\n\t\t<\/section>\n\t\t\t\t<section class=\"elementor-section elementor-top-section elementor-element elementor-element-bcd6c6f elementor-section-boxed elementor-section-height-default elementor-section-height-default\" data-id=\"bcd6c6f\" data-element_type=\"section\" data-e-type=\"section\">\n\t\t\t\t\t\t<div class=\"elementor-container elementor-column-gap-default\">\n\t\t\t\t\t<div class=\"elementor-column elementor-col-100 elementor-top-column elementor-element elementor-element-32a191e\" data-id=\"32a191e\" data-element_type=\"column\" data-e-type=\"column\">\n\t\t\t<div class=\"elementor-column-wrap--32a191e elementor-widget-wrap elementor-element-populated\">\n\t\t\t\t\t\t<div class=\"elementor-element elementor-element-aa43f04 elementor-widget elementor-widget-heading\" data-id=\"aa43f04\" data-element_type=\"widget\" data-e-type=\"widget\" data-widget_type=\"heading.default\">\n\t\t\t\t<div class=\"elementor-widget-container\">\n\t\t\t\t\t<h2 class=\"elementor-heading-title elementor-size-default\">Za\u0161tita poverljivih podataka o transakciji<\/h2>\t\t\t\t<\/div>\n\t\t\t\t<\/div>\n\t\t\t\t<div class=\"elementor-element elementor-element-cd63a8a elementor-widget elementor-widget-text-editor\" data-id=\"cd63a8a\" data-element_type=\"widget\" data-e-type=\"widget\" data-widget_type=\"text-editor.default\">\n\t\t\t\t<div class=\"elementor-widget-container\">\n\t\t\t\t\t\t\t\t\t<p>Prilikom uno\u0161enja informacija o kreditnoj kartici, poverljive informacije se prenose putem javne mre\u017ee u sigurnom (kriptovanom) obliku koriste\u0107i SSL protokol i PKI sistem, kao trenutno najnapredniju kriptografsku tehnologiju.<\/p><p>Sigurnost podataka prilikom kupovine garantuje procesor platnih kartica, Banca Intesa ad Beograd, tako da se ceo proces pla\u0107anja obavlja na banci. U nijednom trenutku detalji kreditne kartice nisu dostupni na\u0161em sistemu.<\/p>\t\t\t\t\t\t\t\t<\/div>\n\t\t\t\t<\/div>\n\t\t\t\t\t<\/div>\n\t\t<\/div>\n\t\t\t\t\t<\/div>\n\t\t<\/section>\n\t\t\t\t<section class=\"elementor-section elementor-top-section elementor-element elementor-element-1d32b00 elementor-section-boxed elementor-section-height-default elementor-section-height-default\" data-id=\"1d32b00\" data-element_type=\"section\" data-e-type=\"section\">\n\t\t\t\t\t\t<div class=\"elementor-container elementor-column-gap-default\">\n\t\t\t\t\t<div class=\"elementor-column elementor-col-100 elementor-top-column elementor-element elementor-element-2b2ad7a\" data-id=\"2b2ad7a\" data-element_type=\"column\" data-e-type=\"column\">\n\t\t\t<div class=\"elementor-column-wrap--2b2ad7a elementor-widget-wrap elementor-element-populated\">\n\t\t\t\t\t\t<div class=\"elementor-element elementor-element-010bca6 elementor-widget elementor-widget-heading\" data-id=\"010bca6\" data-element_type=\"widget\" data-e-type=\"widget\" data-widget_type=\"heading.default\">\n\t\t\t\t<div class=\"elementor-widget-container\">\n\t\t\t\t\t<h2 class=\"elementor-heading-title elementor-size-default\">Kola\u010di\u0107i<\/h2>\t\t\t\t<\/div>\n\t\t\t\t<\/div>\n\t\t\t\t<div class=\"elementor-element elementor-element-6745b89 elementor-widget elementor-widget-text-editor\" data-id=\"6745b89\" data-element_type=\"widget\" data-e-type=\"widget\" data-widget_type=\"text-editor.default\">\n\t\t\t\t<div class=\"elementor-widget-container\">\n\t\t\t\t\t\t\t\t\t<p>Yokana mo\u017ee koristiti kola\u010di\u0107e kako bi omogu\u0107ila bolje korisni\u010dko iskustvo i funkcionalnost na na\u0161em veb sajtu. Korisnici imaju opciju da prihvate ili odbiju upotrebu kola\u010di\u0107a u svom veb pregleda\u010du. Ako korisnik odlu\u010di da odbije kola\u010di\u0107e, neke funkcionalnosti na\u0161eg veb sajta mo\u017eda ne\u0107e biti dostupne.<\/p>\t\t\t\t\t\t\t\t<\/div>\n\t\t\t\t<\/div>\n\t\t\t\t\t<\/div>\n\t\t<\/div>\n\t\t\t\t\t<\/div>\n\t\t<\/section>\n\t\t\t\t<section class=\"elementor-section elementor-top-section elementor-element elementor-element-8def79c elementor-section-boxed elementor-section-height-default elementor-section-height-default\" data-id=\"8def79c\" data-element_type=\"section\" data-e-type=\"section\">\n\t\t\t\t\t\t<div class=\"elementor-container elementor-column-gap-default\">\n\t\t\t\t\t<div class=\"elementor-column elementor-col-100 elementor-top-column elementor-element elementor-element-8c4cf41\" data-id=\"8c4cf41\" data-element_type=\"column\" data-e-type=\"column\">\n\t\t\t<div class=\"elementor-column-wrap--8c4cf41 elementor-widget-wrap elementor-element-populated\">\n\t\t\t\t\t\t<div class=\"elementor-element elementor-element-b5ece36 elementor-widget elementor-widget-heading\" data-id=\"b5ece36\" data-element_type=\"widget\" data-e-type=\"widget\" data-widget_type=\"heading.default\">\n\t\t\t\t<div class=\"elementor-widget-container\">\n\t\t\t\t\t<h2 class=\"elementor-heading-title elementor-size-default\">Saglasnost i promene uslova\n<\/h2>\t\t\t\t<\/div>\n\t\t\t\t<\/div>\n\t\t\t\t<div class=\"elementor-element elementor-element-d195d5d elementor-widget elementor-widget-text-editor\" data-id=\"d195d5d\" data-element_type=\"widget\" data-e-type=\"widget\" data-widget_type=\"text-editor.default\">\n\t\t\t\t<div class=\"elementor-widget-container\">\n\t\t\t\t\t\t\t\t\t<p>Kori\u0161\u0107enjem na\u0161eg veb sajta, korisnik prihvata uslove kori\u0161\u0107enja i politiku privatnosti objavljene na ovom veb sajtu. Yokana zadr\u017eava pravo da u svakom trenutku promeni uslove kori\u0161\u0107enja i politiku privatnosti. Promene stupaju na snagu odmah po objavljivanju na ovom veb sajtu. Korisnici \u0107e biti obave\u0161teni o svim promenama putem e-po\u0161te.<\/p>\t\t\t\t\t\t\t\t<\/div>\n\t\t\t\t<\/div>\n\t\t\t\t\t<\/div>\n\t\t<\/div>\n\t\t\t\t\t<\/div>\n\t\t<\/section>\n\t\t\t\t<section class=\"elementor-section elementor-top-section elementor-element elementor-element-4ae191e elementor-section-boxed elementor-section-height-default elementor-section-height-default\" data-id=\"4ae191e\" data-element_type=\"section\" data-e-type=\"section\">\n\t\t\t\t\t\t<div class=\"elementor-container elementor-column-gap-default\">\n\t\t\t\t\t<div class=\"elementor-column elementor-col-100 elementor-top-column elementor-element elementor-element-c3cc03c\" data-id=\"c3cc03c\" data-element_type=\"column\" data-e-type=\"column\">\n\t\t\t<div class=\"elementor-column-wrap--c3cc03c elementor-widget-wrap elementor-element-populated\">\n\t\t\t\t\t\t<div class=\"elementor-element elementor-element-b578fc7 elementor-widget elementor-widget-heading\" data-id=\"b578fc7\" data-element_type=\"widget\" data-e-type=\"widget\" data-widget_type=\"heading.default\">\n\t\t\t\t<div class=\"elementor-widget-container\">\n\t\t\t\t\t<h2 class=\"elementor-heading-title elementor-size-default\">Obave\u0161tavanje korisnika\n<\/h2>\t\t\t\t<\/div>\n\t\t\t\t<\/div>\n\t\t\t\t<div class=\"elementor-element elementor-element-974a13c elementor-widget elementor-widget-text-editor\" data-id=\"974a13c\" data-element_type=\"widget\" data-e-type=\"widget\" data-widget_type=\"text-editor.default\">\n\t\t\t\t<div class=\"elementor-widget-container\">\n\t\t\t\t\t\t\t\t\t<p>Registrovani korisnici \u0107e periodi\u010dno dobijati obave\u0161tenja putem e-po\u0161te o novostima, promocijama, popustima i drugim va\u017enim informacijama. Ako korisnik ne \u017eeli da prima ova obave\u0161tenja, mo\u017ee se odjaviti u bilo kom trenutku.<\/p>\t\t\t\t\t\t\t\t<\/div>\n\t\t\t\t<\/div>\n\t\t\t\t\t<\/div>\n\t\t<\/div>\n\t\t\t\t\t<\/div>\n\t\t<\/section>\n\t\t\t\t<\/div>","protected":false},"excerpt":{"rendered":"<p>Privacy Policy Protection of Data Privacy Yokana is committed to protecting the privacy of all its customers. We collect only necessary basic customer\/user data and information necessary for business and informing customers in accordance with good business practices and to provide quality service. All user data is strictly confidential and only accessible to employees who [&hellip;]<\/p>\n","protected":false},"author":1,"featured_media":0,"parent":0,"menu_order":0,"comment_status":"closed","ping_status":"closed","template":"template-builder.php","meta":{"_acf_changed":false,"footnotes":""},"class_list":["post-2375","page","type-page","status-publish","hentry"],"aioseo_notices":[],"acf":[],"jetpack_sharing_enabled":true,"_links":{"self":[{"href":"https:\/\/yokana.shop\/sr\/wp-json\/wp\/v2\/pages\/2375","targetHints":{"allow":["GET"]}}],"collection":[{"href":"https:\/\/yokana.shop\/sr\/wp-json\/wp\/v2\/pages"}],"about":[{"href":"https:\/\/yokana.shop\/sr\/wp-json\/wp\/v2\/types\/page"}],"author":[{"embeddable":true,"href":"https:\/\/yokana.shop\/sr\/wp-json\/wp\/v2\/users\/1"}],"replies":[{"embeddable":true,"href":"https:\/\/yokana.shop\/sr\/wp-json\/wp\/v2\/comments?post=2375"}],"version-history":[{"count":0,"href":"https:\/\/yokana.shop\/sr\/wp-json\/wp\/v2\/pages\/2375\/revisions"}],"wp:attachment":[{"href":"https:\/\/yokana.shop\/sr\/wp-json\/wp\/v2\/media?parent=2375"}],"curies":[{"name":"wp","href":"https:\/\/api.w.org\/{rel}","templated":true}]}}